{"id":52144,"date":"2024-02-06T18:03:36","date_gmt":"2024-02-06T11:03:36","guid":{"rendered":"https:\/\/indonesia.eramet.com\/?page_id=52144"},"modified":"2025-10-15T18:13:47","modified_gmt":"2025-10-15T11:13:47","slug":"ethique-conformite","status":"publish","type":"page","link":"https:\/\/indonesia.eramet.com\/fr\/engagements\/ethique-conformite\/","title":{"rendered":"\u00c9thique &amp; Conformit\u00e9"},"content":{"rendered":"<p><div class=\"fusion-fullwidth fullwidth-box fusion-builder-row-1 fusion-flex-container has-pattern-background has-mask-background nonhundred-percent-fullwidth non-hundred-percent-height-scrolling\" style=\"--awb-border-radius-top-left:0px;--awb-border-radius-top-right:0px;--awb-border-radius-bottom-right:0px;--awb-border-radius-bottom-left:0px;--awb-flex-wrap:wrap;\" ><div class=\"fusion-builder-row fusion-row fusion-flex-align-items-flex-start fusion-flex-content-wrap\" style=\"max-width:1468.8px;margin-left: calc(-2% \/ 2 );margin-right: calc(-2% \/ 2 );\"><div class=\"fusion-layout-column fusion_builder_column fusion-builder-column-0 fusion_builder_column_1_1 1_1 fusion-flex-column\" style=\"--awb-padding-right:20%;--awb-bg-size:cover;--awb-width-large:100%;--awb-margin-top-large:0px;--awb-spacing-right-large:0.98%;--awb-margin-bottom-large:20px;--awb-spacing-left-large:0.98%;--awb-width-medium:100%;--awb-order-medium:0;--awb-spacing-right-medium:0.98%;--awb-spacing-left-medium:0.98%;--awb-width-small:100%;--awb-order-small:0;--awb-spacing-right-small:0.98%;--awb-spacing-left-small:0.98%;\"><div class=\"fusion-column-wrapper fusion-column-has-shadow fusion-flex-justify-content-flex-start fusion-content-layout-column\"><div class=\"fusion-text fusion-text-1\"><p>Eramet Indon\u00e9sie s&rsquo;engage \u00e0 op\u00e9rer avec int\u00e9grit\u00e9 et en pleine conformit\u00e9 avec toutes les lois et r\u00e9glementations applicables. En ligne avec le groupe Eramet, nous maintenons une politique de tol\u00e9rance z\u00e9ro contre tout comportement qui viole les normes les plus \u00e9lev\u00e9es indon\u00e9siennes et internationales.<\/p>\n<\/div><\/div><\/div><\/div><\/div><div class=\"fusion-fullwidth fullwidth-box fusion-builder-row-2 fusion-flex-container has-pattern-background has-mask-background nonhundred-percent-fullwidth non-hundred-percent-height-scrolling\" style=\"--awb-border-radius-top-left:0px;--awb-border-radius-top-right:0px;--awb-border-radius-bottom-right:0px;--awb-border-radius-bottom-left:0px;--awb-flex-wrap:wrap;\" ><div class=\"fusion-builder-row fusion-row fusion-flex-align-items-stretch fusion-flex-justify-content-center fusion-flex-content-wrap\" style=\"max-width:1468.8px;margin-left: calc(-2% \/ 2 );margin-right: calc(-2% \/ 2 );\"><div class=\"fusion-layout-column fusion_builder_column fusion-builder-column-1 fusion_builder_column_1_2 1_2 fusion-flex-column\" style=\"--awb-padding-top:30px;--awb-padding-right:30px;--awb-padding-bottom:30px;--awb-padding-left:30px;--awb-overflow:hidden;--awb-bg-color:var(--awb-color1);--awb-bg-color-hover:var(--awb-color1);--awb-bg-size:cover;--awb-border-radius:10px 10px 10px 10px;--awb-width-large:50%;--awb-margin-top-large:0px;--awb-spacing-right-large:1.96%;--awb-margin-bottom-large:40px;--awb-spacing-left-large:1.96%;--awb-width-medium:50%;--awb-order-medium:0;--awb-spacing-right-medium:1.96%;--awb-spacing-left-medium:1.96%;--awb-width-small:100%;--awb-order-small:0;--awb-spacing-right-small:0.98%;--awb-spacing-left-small:0.98%;\"><div class=\"fusion-column-wrapper fusion-column-has-shadow fusion-flex-justify-content-flex-start fusion-content-layout-column\"><div class=\"fusion-title title fusion-title-1 fusion-sep-none fusion-title-text fusion-title-size-two\" style=\"--awb-text-color:var(--awb-custom_color_3);--awb-margin-right-small:0px;--awb-margin-left-small:0px;\"><h2 class=\"fusion-title-heading title-heading-left\" style=\"margin:0;\">EthicLine<\/h2><\/div><div class=\"fusion-text fusion-text-2\" style=\"--awb-text-color:var(--awb-custom_color_3);\"><p>Notre syst\u00e8me de d\u00e9nonciation fait partie de la plateforme \u00e0 l&rsquo;\u00e9chelle du Groupe, disponible dans les 16 pays o\u00f9 le groupe Eramet op\u00e8re, y compris en Indon\u00e9sie, et prend en charge 13 langues, y compris le Bahasa Indonesia. Il garantit une protection juridique, l&rsquo;anonymat et une confidentialit\u00e9 totale pour tous les lanceurs d&rsquo;alerte.<\/p>\n<p>Vous \u00eates victime ou t\u00e9moin de comportements non \u00e9thiques, tels que des faits de discriminations, traitements in\u00e9quitables, harc\u00e8lements, fraudes, corruption ou atteintes aux droits humains, alertez-nous en cliquant <a style=\"color: FFF;\" href=\"https:\/\/ethicline.eramet.com\/\" target=\"_blank\" rel=\"noopener nofollow\" aria-label=\"ICI (nouvelle fen\u00eatre)\">ICI<\/a>.<\/p>\n<\/div><div style=\"text-align:left;\"><a class=\"fusion-button button-flat fusion-button-default-size button-custom fusion-button-default button-1 fusion-button-default-span fusion-button-default-type CTA-arrow-white fusion-has-button-gradient\" style=\"--button_accent_color:var(--awb-custom_color_3);--button_accent_hover_color:var(--awb-color3);--button_border_hover_color:var(--awb-color7);--button_border_width-top:0;--button_border_width-right:0;--button_border_width-bottom:0;--button_border_width-left:0;--button-border-radius-top-left:0;--button-border-radius-top-right:0;--button-border-radius-bottom-right:0;--button-border-radius-bottom-left:0;--button_gradient_angle:180deg;--button_gradient_top_color:var(--awb-custom_color_7);--button_gradient_bottom_color:var(--awb-custom_color_7);--button_gradient_top_color_hover:rgba(226,226,226,0);--button_gradient_bottom_color_hover:var(--awb-custom_color_3);--button_font_size:16px;--button_padding-right:70px;--button_padding-left:0px;--button_margin-top:30px;\" target=\"_blank\" rel=\"noopener noreferrer\" href=\"https:\/\/ethicline.eramet.com\/\"><span class=\"fusion-button-text\">Alertez-nous<\/span><\/a><\/div><\/div><\/div><div class=\"fusion-layout-column fusion_builder_column fusion-builder-column-2 fusion_builder_column_1_2 1_2 fusion-flex-column\" style=\"--awb-bg-size:cover;--awb-width-large:50%;--awb-margin-top-large:0px;--awb-spacing-right-large:1.96%;--awb-margin-bottom-large:20px;--awb-spacing-left-large:1.96%;--awb-width-medium:50%;--awb-order-medium:0;--awb-spacing-right-medium:1.96%;--awb-spacing-left-medium:1.96%;--awb-width-small:100%;--awb-order-small:0;--awb-spacing-right-small:0.98%;--awb-spacing-left-small:0.98%;\"><div class=\"fusion-column-wrapper fusion-column-has-shadow fusion-flex-justify-content-flex-start fusion-content-layout-column\"><div class=\"fusion-image-element \" style=\"text-align:center;--awb-margin-bottom:50px;--awb-max-width:80%;--awb-caption-title-font-family:var(--h2_typography-font-family);--awb-caption-title-font-weight:var(--h2_typography-font-weight);--awb-caption-title-font-style:var(--h2_typography-font-style);--awb-caption-title-size:var(--h2_typography-font-size);--awb-caption-title-transform:var(--h2_typography-text-transform);--awb-caption-title-line-height:var(--h2_typography-line-height);--awb-caption-title-letter-spacing:var(--h2_typography-letter-spacing);\"><span class=\" fusion-imageframe imageframe-none imageframe-1 hover-type-none\"><a class=\"fusion-no-lightbox\" href=\"https:\/\/ethicline.eramet.com\/\" target=\"_blank\" aria-label=\"Eramet-EthicLine-logo\" rel=\"noopener noreferrer\"><img decoding=\"async\" width=\"200\" height=\"154\" alt=\"EthicLine logo\" src=\"data:image\/svg+xml,%3Csvg%20xmlns%3D%27http%3A%2F%2Fwww.w3.org%2F2000%2Fsvg%27%20width%3D%27200%27%20height%3D%27154%27%20viewBox%3D%270%200%20200%20154%27%3E%3Crect%20width%3D%27200%27%20height%3D%27154%27%20fill-opacity%3D%220%22%2F%3E%3C%2Fsvg%3E\" data-orig-src=\"https:\/\/indonesia.eramet.com\/wp-content\/uploads\/sites\/11\/2025\/09\/Eramet-EthicLine-logo.png\" class=\"lazyload img-responsive wp-image-51835\"\/><\/a><\/span><\/div><div class=\"fusion-image-element \" style=\"text-align:center;--awb-max-width:33%;--awb-caption-title-font-family:var(--h2_typography-font-family);--awb-caption-title-font-weight:var(--h2_typography-font-weight);--awb-caption-title-font-style:var(--h2_typography-font-style);--awb-caption-title-size:var(--h2_typography-font-size);--awb-caption-title-transform:var(--h2_typography-text-transform);--awb-caption-title-line-height:var(--h2_typography-line-height);--awb-caption-title-letter-spacing:var(--h2_typography-letter-spacing);\"><span class=\" fusion-imageframe imageframe-none imageframe-2 hover-type-none\"><a class=\"fusion-no-lightbox\" href=\"https:\/\/ethicline.eramet.com\/\" target=\"_blank\" aria-label=\"EthicLine-QRcode\" rel=\"noopener noreferrer\"><img decoding=\"async\" width=\"400\" height=\"400\" src=\"https:\/\/indonesia.eramet.com\/wp-content\/uploads\/sites\/11\/2025\/09\/EthicLine-QRcode.png\" data-orig-src=\"https:\/\/indonesia.eramet.com\/wp-content\/uploads\/sites\/11\/2025\/09\/EthicLine-QRcode.png\" alt class=\"lazyload img-responsive wp-image-51838\" srcset=\"data:image\/svg+xml,%3Csvg%20xmlns%3D%27http%3A%2F%2Fwww.w3.org%2F2000%2Fsvg%27%20width%3D%27400%27%20height%3D%27400%27%20viewBox%3D%270%200%20400%20400%27%3E%3Crect%20width%3D%27400%27%20height%3D%27400%27%20fill-opacity%3D%220%22%2F%3E%3C%2Fsvg%3E\" data-srcset=\"https:\/\/indonesia.eramet.com\/wp-content\/uploads\/sites\/11\/2025\/09\/EthicLine-QRcode-200x200.png 200w, https:\/\/indonesia.eramet.com\/wp-content\/uploads\/sites\/11\/2025\/09\/EthicLine-QRcode.png 400w\" data-sizes=\"auto\" data-orig-sizes=\"(max-width: 640px) 100vw, 400px\" \/><\/a><\/span><\/div><\/div><\/div><\/div><\/div><div class=\"fusion-fullwidth fullwidth-box fusion-builder-row-3 fusion-flex-container has-pattern-background has-mask-background nonhundred-percent-fullwidth non-hundred-percent-height-scrolling\" style=\"--awb-border-radius-top-left:0px;--awb-border-radius-top-right:0px;--awb-border-radius-bottom-right:0px;--awb-border-radius-bottom-left:0px;--awb-flex-wrap:wrap;\" ><div class=\"fusion-builder-row fusion-row fusion-flex-align-items-flex-start fusion-flex-content-wrap\" style=\"max-width:1468.8px;margin-left: calc(-2% \/ 2 );margin-right: calc(-2% \/ 2 );\"><div class=\"fusion-layout-column fusion_builder_column fusion-builder-column-3 fusion_builder_column_1_1 1_1 fusion-flex-column\" style=\"--awb-padding-right:20%;--awb-bg-size:cover;--awb-width-large:100%;--awb-margin-top-large:0px;--awb-spacing-right-large:0.98%;--awb-margin-bottom-large:20px;--awb-spacing-left-large:0.98%;--awb-width-medium:100%;--awb-order-medium:0;--awb-spacing-right-medium:0.98%;--awb-spacing-left-medium:0.98%;--awb-width-small:100%;--awb-order-small:0;--awb-spacing-right-small:0.98%;--awb-spacing-left-small:0.98%;\"><div class=\"fusion-column-wrapper fusion-column-has-shadow fusion-flex-justify-content-flex-start fusion-content-layout-column\"><div class=\"fusion-text fusion-text-3\"><h2>Notre Programme de conformit\u00e9<\/h2>\n<p>Le Groupe a d\u00e9ploy\u00e9 un Programme de conformit\u00e9 reposant sur trois piliers principaux pour accompagner ses collaborateurs : une gouvernance \u00c9thique et son organisation d\u00e9di\u00e9e, des r\u00e9f\u00e9rentiels mis \u00e0 jour r\u00e9guli\u00e8rement et des outils, dont un dispositif d\u2019alerte.<\/p>\n<\/div><div style=\"text-align:left;\"><a class=\"fusion-button button-flat fusion-button-default-size button-custom fusion-button-default button-2 fusion-button-default-span fusion-button-default-type CTA-arrow fusion-has-button-gradient\" style=\"--button_accent_color:var(--awb-color7);--button_accent_hover_color:var(--awb-color3);--button_border_hover_color:var(--awb-color7);--button_border_width-top:0;--button_border_width-right:0;--button_border_width-bottom:0;--button_border_width-left:0;--button-border-radius-top-left:0;--button-border-radius-top-right:0;--button-border-radius-bottom-right:0;--button-border-radius-bottom-left:0;--button_gradient_angle:180deg;--button_gradient_top_color:var(--awb-custom_color_7);--button_gradient_bottom_color:var(--awb-custom_color_7);--button_gradient_top_color_hover:rgba(226,226,226,0);--button_gradient_bottom_color_hover:var(--awb-custom_color_3);--button_font_size:16px;--button_padding-right:70px;--button_padding-left:0px;--button_margin-top:30px;\" target=\"_blank\" rel=\"noopener noreferrer\" href=\"https:\/\/www.eramet.com\/fr\/groupe\/gouvernance\/ethique-et-conformite\/charte-ethique\/\"><span class=\"fusion-button-text\">La charte \u00c9thique<\/span><\/a><\/div><div style=\"text-align:left;\"><a class=\"fusion-button button-flat fusion-button-default-size button-custom fusion-button-default button-3 fusion-button-default-span fusion-button-default-type CTA-arrow fusion-has-button-gradient\" style=\"--button_accent_color:var(--awb-color7);--button_accent_hover_color:var(--awb-color3);--button_border_hover_color:var(--awb-color7);--button_border_width-top:0;--button_border_width-right:0;--button_border_width-bottom:0;--button_border_width-left:0;--button-border-radius-top-left:0;--button-border-radius-top-right:0;--button-border-radius-bottom-right:0;--button-border-radius-bottom-left:0;--button_gradient_angle:180deg;--button_gradient_top_color:var(--awb-custom_color_7);--button_gradient_bottom_color:var(--awb-custom_color_7);--button_gradient_top_color_hover:rgba(226,226,226,0);--button_gradient_bottom_color_hover:var(--awb-custom_color_3);--button_font_size:16px;--button_padding-right:70px;--button_padding-left:0px;--button_margin-top:30px;\" target=\"_blank\" rel=\"noopener noreferrer\" href=\"https:\/\/www.eramet.com\/fr\/groupe\/gouvernance\/ethique-et-conformite\/politique-guide-anti-corruption\/\"><span class=\"fusion-button-text\">La Politique et le Guide de conduite Anti-corruption<\/span><\/a><\/div><\/div><\/div><\/div><\/div><\/p>\n","protected":false},"excerpt":{"rendered":"","protected":false},"author":4,"featured_media":0,"parent":51524,"menu_order":3,"comment_status":"closed","ping_status":"closed","template":"","meta":{"footnotes":""},"class_list":["post-52144","page","type-page","status-publish","hentry"],"yoast_head":"<!-- This site is optimized with the Yoast SEO plugin v26.8 - https:\/\/yoast.com\/product\/yoast-seo-wordpress\/ -->\n<title>\u00c9thique &amp; Conformit\u00e9 - Eramet Indonesia<\/title>\n<meta name=\"description\" content=\"Eramet Indon\u00e9sie agit avec int\u00e9grit\u00e9, en conformit\u00e9 avec les lois locales et internationales, et applique une politique de tol\u00e9rance z\u00e9ro contre les comportements non \u00e9thiques.\" \/>\n<meta name=\"robots\" content=\"index, follow, max-snippet:-1, max-image-preview:large, max-video-preview:-1\" \/>\n<link rel=\"canonical\" href=\"https:\/\/indonesia.eramet.com\/fr\/engagements\/ethique-conformite\/\" \/>\n<meta property=\"og:locale\" content=\"fr_FR\" \/>\n<meta property=\"og:type\" content=\"article\" \/>\n<meta property=\"og:title\" content=\"\u00c9thique &amp; Conformit\u00e9 - Eramet Indonesia\" \/>\n<meta property=\"og:description\" content=\"Eramet Indon\u00e9sie agit avec int\u00e9grit\u00e9, en conformit\u00e9 avec les lois locales et internationales, et applique une politique de tol\u00e9rance z\u00e9ro contre les comportements non \u00e9thiques.\" \/>\n<meta property=\"og:url\" content=\"https:\/\/indonesia.eramet.com\/fr\/engagements\/ethique-conformite\/\" \/>\n<meta property=\"og:site_name\" content=\"Eramet Indonesia\" \/>\n<meta property=\"article:modified_time\" content=\"2025-10-15T11:13:47+00:00\" \/>\n<meta name=\"twitter:card\" content=\"summary_large_image\" \/>\n<meta name=\"twitter:label1\" content=\"Dur\u00e9e de lecture estim\u00e9e\" \/>\n\t<meta name=\"twitter:data1\" content=\"2 minutes\" \/>\n<script type=\"application\/ld+json\" class=\"yoast-schema-graph\">{\"@context\":\"https:\/\/schema.org\",\"@graph\":[{\"@type\":\"WebPage\",\"@id\":\"https:\/\/indonesia.eramet.com\/fr\/engagements\/ethique-conformite\/\",\"url\":\"https:\/\/indonesia.eramet.com\/fr\/engagements\/ethique-conformite\/\",\"name\":\"\u00c9thique &amp; Conformit\u00e9 - Eramet Indonesia\",\"isPartOf\":{\"@id\":\"https:\/\/indonesia.eramet.com\/fr\/#website\"},\"datePublished\":\"2024-02-06T11:03:36+00:00\",\"dateModified\":\"2025-10-15T11:13:47+00:00\",\"description\":\"Eramet Indon\u00e9sie agit avec int\u00e9grit\u00e9, en conformit\u00e9 avec les lois locales et internationales, et applique une politique de tol\u00e9rance z\u00e9ro contre les comportements non \u00e9thiques.\",\"breadcrumb\":{\"@id\":\"https:\/\/indonesia.eramet.com\/fr\/engagements\/ethique-conformite\/#breadcrumb\"},\"inLanguage\":\"fr-FR\",\"potentialAction\":[{\"@type\":\"ReadAction\",\"target\":[\"https:\/\/indonesia.eramet.com\/fr\/engagements\/ethique-conformite\/\"]}]},{\"@type\":\"BreadcrumbList\",\"@id\":\"https:\/\/indonesia.eramet.com\/fr\/engagements\/ethique-conformite\/#breadcrumb\",\"itemListElement\":[{\"@type\":\"ListItem\",\"position\":1,\"name\":\"Home\",\"item\":\"https:\/\/indonesia.eramet.com\/fr\/\"},{\"@type\":\"ListItem\",\"position\":2,\"name\":\"Engagements\",\"item\":\"https:\/\/indonesia.eramet.com\/fr\/engagements\/\"},{\"@type\":\"ListItem\",\"position\":3,\"name\":\"\u00c9thique &amp; Conformit\u00e9\"}]},{\"@type\":\"WebSite\",\"@id\":\"https:\/\/indonesia.eramet.com\/fr\/#website\",\"url\":\"https:\/\/indonesia.eramet.com\/fr\/\",\"name\":\"Eramet Indonesia\",\"description\":\"\",\"potentialAction\":[{\"@type\":\"SearchAction\",\"target\":{\"@type\":\"EntryPoint\",\"urlTemplate\":\"https:\/\/indonesia.eramet.com\/fr\/?s={search_term_string}\"},\"query-input\":{\"@type\":\"PropertyValueSpecification\",\"valueRequired\":true,\"valueName\":\"search_term_string\"}}],\"inLanguage\":\"fr-FR\"}]}<\/script>\n<!-- \/ Yoast SEO plugin. -->","yoast_head_json":{"title":"\u00c9thique &amp; Conformit\u00e9 - Eramet Indonesia","description":"Eramet Indon\u00e9sie agit avec int\u00e9grit\u00e9, en conformit\u00e9 avec les lois locales et internationales, et applique une politique de tol\u00e9rance z\u00e9ro contre les comportements non \u00e9thiques.","robots":{"index":"index","follow":"follow","max-snippet":"max-snippet:-1","max-image-preview":"max-image-preview:large","max-video-preview":"max-video-preview:-1"},"canonical":"https:\/\/indonesia.eramet.com\/fr\/engagements\/ethique-conformite\/","og_locale":"fr_FR","og_type":"article","og_title":"\u00c9thique &amp; Conformit\u00e9 - Eramet Indonesia","og_description":"Eramet Indon\u00e9sie agit avec int\u00e9grit\u00e9, en conformit\u00e9 avec les lois locales et internationales, et applique une politique de tol\u00e9rance z\u00e9ro contre les comportements non \u00e9thiques.","og_url":"https:\/\/indonesia.eramet.com\/fr\/engagements\/ethique-conformite\/","og_site_name":"Eramet Indonesia","article_modified_time":"2025-10-15T11:13:47+00:00","twitter_card":"summary_large_image","twitter_misc":{"Dur\u00e9e de lecture estim\u00e9e":"2 minutes"},"schema":{"@context":"https:\/\/schema.org","@graph":[{"@type":"WebPage","@id":"https:\/\/indonesia.eramet.com\/fr\/engagements\/ethique-conformite\/","url":"https:\/\/indonesia.eramet.com\/fr\/engagements\/ethique-conformite\/","name":"\u00c9thique &amp; Conformit\u00e9 - Eramet Indonesia","isPartOf":{"@id":"https:\/\/indonesia.eramet.com\/fr\/#website"},"datePublished":"2024-02-06T11:03:36+00:00","dateModified":"2025-10-15T11:13:47+00:00","description":"Eramet Indon\u00e9sie agit avec int\u00e9grit\u00e9, en conformit\u00e9 avec les lois locales et internationales, et applique une politique de tol\u00e9rance z\u00e9ro contre les comportements non \u00e9thiques.","breadcrumb":{"@id":"https:\/\/indonesia.eramet.com\/fr\/engagements\/ethique-conformite\/#breadcrumb"},"inLanguage":"fr-FR","potentialAction":[{"@type":"ReadAction","target":["https:\/\/indonesia.eramet.com\/fr\/engagements\/ethique-conformite\/"]}]},{"@type":"BreadcrumbList","@id":"https:\/\/indonesia.eramet.com\/fr\/engagements\/ethique-conformite\/#breadcrumb","itemListElement":[{"@type":"ListItem","position":1,"name":"Home","item":"https:\/\/indonesia.eramet.com\/fr\/"},{"@type":"ListItem","position":2,"name":"Engagements","item":"https:\/\/indonesia.eramet.com\/fr\/engagements\/"},{"@type":"ListItem","position":3,"name":"\u00c9thique &amp; Conformit\u00e9"}]},{"@type":"WebSite","@id":"https:\/\/indonesia.eramet.com\/fr\/#website","url":"https:\/\/indonesia.eramet.com\/fr\/","name":"Eramet Indonesia","description":"","potentialAction":[{"@type":"SearchAction","target":{"@type":"EntryPoint","urlTemplate":"https:\/\/indonesia.eramet.com\/fr\/?s={search_term_string}"},"query-input":{"@type":"PropertyValueSpecification","valueRequired":true,"valueName":"search_term_string"}}],"inLanguage":"fr-FR"}]}},"acf":[],"_links":{"self":[{"href":"https:\/\/indonesia.eramet.com\/fr\/wp-json\/wp\/v2\/pages\/52144","targetHints":{"allow":["GET"]}}],"collection":[{"href":"https:\/\/indonesia.eramet.com\/fr\/wp-json\/wp\/v2\/pages"}],"about":[{"href":"https:\/\/indonesia.eramet.com\/fr\/wp-json\/wp\/v2\/types\/page"}],"author":[{"embeddable":true,"href":"https:\/\/indonesia.eramet.com\/fr\/wp-json\/wp\/v2\/users\/4"}],"replies":[{"embeddable":true,"href":"https:\/\/indonesia.eramet.com\/fr\/wp-json\/wp\/v2\/comments?post=52144"}],"version-history":[{"count":5,"href":"https:\/\/indonesia.eramet.com\/fr\/wp-json\/wp\/v2\/pages\/52144\/revisions"}],"predecessor-version":[{"id":52149,"href":"https:\/\/indonesia.eramet.com\/fr\/wp-json\/wp\/v2\/pages\/52144\/revisions\/52149"}],"up":[{"embeddable":true,"href":"https:\/\/indonesia.eramet.com\/fr\/wp-json\/wp\/v2\/pages\/51524"}],"wp:attachment":[{"href":"https:\/\/indonesia.eramet.com\/fr\/wp-json\/wp\/v2\/media?parent=52144"}],"curies":[{"name":"wp","href":"https:\/\/api.w.org\/{rel}","templated":true}]}}