{"id":51590,"date":"2025-04-17T15:48:41","date_gmt":"2025-04-17T08:48:41","guid":{"rendered":"https:\/\/indonesia.eramet.com\/?page_id=51590"},"modified":"2025-09-29T16:14:33","modified_gmt":"2025-09-29T09:14:33","slug":"personal-data","status":"publish","type":"page","link":"https:\/\/indonesia.eramet.com\/fr\/personal-data\/","title":{"rendered":"Protection des donn\u00e9es personnelles"},"content":{"rendered":"<div class=\"fusion-fullwidth fullwidth-box fusion-builder-row-1 fusion-flex-container nonhundred-percent-fullwidth non-hundred-percent-height-scrolling\" style=\"--awb-border-radius-top-left:0px;--awb-border-radius-top-right:0px;--awb-border-radius-bottom-right:0px;--awb-border-radius-bottom-left:0px;--awb-flex-wrap:wrap;\" ><div class=\"fusion-builder-row fusion-row fusion-flex-align-items-flex-start fusion-flex-content-wrap\" style=\"max-width:1468.8px;margin-left: calc(-2% \/ 2 );margin-right: calc(-2% \/ 2 );\"><div class=\"fusion-layout-column fusion_builder_column fusion-builder-column-0 fusion_builder_column_1_1 1_1 fusion-flex-column\" style=\"--awb-bg-blend:overlay;--awb-bg-size:cover;--awb-width-large:100%;--awb-margin-top-large:0px;--awb-spacing-right-large:0.98%;--awb-margin-bottom-large:0px;--awb-spacing-left-large:0.98%;--awb-width-medium:100%;--awb-spacing-right-medium:0.98%;--awb-spacing-left-medium:0.98%;--awb-width-small:100%;--awb-spacing-right-small:0.98%;--awb-spacing-left-small:0.98%;\"><div class=\"fusion-column-wrapper fusion-flex-justify-content-flex-start fusion-content-layout-column\"><div class=\"fusion-text fusion-text-1\"><\/p>\n<h2 class=\"wp-block-heading\">Confidentialit\u00e9 et int\u00e9grit\u00e9<\/h2>\n<p>La confidentialit\u00e9 et l\u2019int\u00e9grit\u00e9 des informations ne sont pas assur\u00e9es sur le r\u00e9seau Internet. Par cons\u00e9quent, les messages que vous nous ferez parvenir par voie \u00e9lectronique risquent d\u2019\u00eatre intercept\u00e9s et\/ou modifi\u00e9s, tant dans leur contenu que dans leur provenance. Eramet d\u00e9cline toute responsabilit\u00e9 \u00e0 cet \u00e9gard. Si vous ne souhaitez pas transmettre d\u2019informations personnelles sur le r\u00e9seau, vous pouvez utiliser la voie postale pour nous les communiquer.<\/p>\n<h2>Donn\u00e9es personnelles<\/h2>\n<p>Chez Eramet, nous accordons une importance particuli\u00e8re quant \u00e0 la fa\u00e7on dont nous utilisons vos donn\u00e9es personnelles. Nous souhaitons ainsi en toute transparence vous informer de nos pratiques en mati\u00e8re de collecte, d\u2019utilisation et de divulgation des donn\u00e9es personnelles que vous nous fournissez. Cela s\u2019applique \u00e9galement \u00e0 tous types de donn\u00e9es qui peuvent \u00eatre recueillies par les t\u00e9moins (\u00ab cookies \u00bb) et les autres technologies utilis\u00e9es sur notre site Web.<\/p>\n<h2>Collecte et utilisation des donn\u00e9es personnelles<\/h2>\n<p>Nous pouvons recueillir les donn\u00e9es personnelles que vous nous fournissez de fa\u00e7on volontaire lorsque :<\/p>\n<ul>\n<li>vous nous demandez des renseignements concernant nos produits et\/ou services ;<\/li>\n<li>vous nous transmettez des questions ;<\/li>\n<li>vous vous abonnez \u00e0 nos services ;<\/li>\n<li>vous soumettez votre CV directement ou en r\u00e9ponse \u00e0 une offre d\u2019emploi publi\u00e9e sur notre site Web.<\/li>\n<\/ul>\n<p>Les donn\u00e9es personnelles que vous nous fournissez sont :<\/p>\n<ul>\n<li>des donn\u00e9es de contact, telles que le nom, l\u2019adresse e-mail, l\u2019adresse postale, et le num\u00e9ro de t\u00e9l\u00e9phone ;<\/li>\n<li>les r\u00e9f\u00e9rences de connexion \u00e0 notre site Web, telles que le nom d\u2019utilisateur et le mot de passe ;<\/li>\n<li>d\u2019autres donn\u00e9es sur l\u2019enregistrement du compte et le profil de l\u2019utilisateur, telles que la profession, les \u00e9tudes, les qualifications, et la photo ;<\/li>\n<li>les commentaires, et autres informations que vous nous fournissez, y compris les requ\u00eate de recherches, questions et informations que vous envoyez au service client ;<\/li>\n<li>et\/ou les int\u00e9r\u00eats et pr\u00e9f\u00e9rences de communication, y compris la langue pr\u00e9f\u00e9r\u00e9e.<\/li>\n<\/ul>\n<p>Nous pouvons \u00e9galement \u00eatre amen\u00e9s \u00e0 r\u00e9cup\u00e9rer vos donn\u00e9es personnelles aupr\u00e8s des r\u00e9seaux sociaux lorsque vous autorisez Eramet \u00e0 acc\u00e9der \u00e0 vos donn\u00e9es sur un r\u00e9seau social.<\/p>\n<p>Ces donn\u00e9es peuvent \u00eatre utilis\u00e9es pour :<\/p>\n<ul>\n<li>communiquer avec vous afin de r\u00e9pondre \u00e0 vos demandes de renseignements ;<\/li>\n<li>donner suite \u00e0 vos abonnements ;<\/li>\n<li>\u00e9valuer votre candidature aux fins d\u2019embauche ;<\/li>\n<li>nous conformer \u00e0 la loi applicable ou toute autre obligation l\u00e9gale.<\/li>\n<\/ul>\n<p>Ces donn\u00e9es seront conserv\u00e9es pour la dur\u00e9e \u00e9tablie en fonction de l\u2019int\u00e9r\u00eat l\u00e9gitime pour lesquelles elles ont \u00e9t\u00e9 collect\u00e9es ainsi que pour d\u2019autres fins essentielles telles que le respect de nos obligations l\u00e9gales, la tenue d\u2019archives commerciales et financi\u00e8res, le r\u00e8glement de diff\u00e9rends, le maintien de la s\u00e9curit\u00e9, la d\u00e9tection et la pr\u00e9vention de la fraude et d\u2019abus. Dans tous les cas nous d\u00e9terminons les dur\u00e9es de conservation de vos donn\u00e9es en fonction des dispositions l\u00e9gales applicables.<\/p>\n<h2>Divulgation de donn\u00e9es personnelles<\/h2>\n<p>Nous pouvons \u00eatre amen\u00e9s \u00e0 divulguer vos donn\u00e9es personnelles \u00e0 des tiers si cela est n\u00e9cessaire pour :<\/p>\n<ul>\n<li>se conformer \u00e0 une loi, r\u00e9glementation, proc\u00e9dure juridique ou autre obligation l\u00e9gale ;<\/li>\n<li>d\u00e9tecter, enqu\u00eater et permettre de pr\u00e9venir des probl\u00e8mes de s\u00e9curit\u00e9, de fraude ou des probl\u00e8mes techniques ;<\/li>\n<li>prot\u00e9ger les droits, la propri\u00e9t\u00e9 ou la s\u00e9curit\u00e9 d\u2019Eramet, nos utilisateurs, employ\u00e9s ou autres.<\/li>\n<\/ul>\n<p>En cas de divulgation \u00e0 des tiers pour les raisons pr\u00e9cit\u00e9es, Eramet s\u2019engage \u00e0 prendre les dispositions n\u00e9cessaires pour prot\u00e9ger vos donn\u00e9es personnelles.<\/p>\n<p>Il est possible que vos donn\u00e9es personnelles soient divulgu\u00e9es en dehors du pays o\u00f9 vous \u00eates r\u00e9sident \u00e0 des soci\u00e9t\u00e9s affili\u00e9es du groupe Eramet en charge de traiter vos demandes, abonnements ou candidatures.<\/p>\n<p>Dans le cas de tels transferts, Eramet a mis en place des politiques et processus internes de protection de la vie priv\u00e9e afin de garantir un niveau \u00e9lev\u00e9 de protection dans l\u2019ensemble des soci\u00e9t\u00e9s affili\u00e9es d\u2019Eramet, et ce, peu importe d\u2019o\u00f9 les donn\u00e9es personnelles proviennent et o\u00f9 elles sont trait\u00e9es.<\/p>\n<p>Nous pouvons \u00e9galement communiquer les donn\u00e9es que vous nous avez communiqu\u00e9es aux fournisseurs de services auxquels nous faisons appel pour ex\u00e9cuter des services en notre nom. En vertu de leur contrat, ces fournisseurs ne sont pas autoris\u00e9s \u00e0 utiliser ni \u00e0 divulguer ces donn\u00e9es, sauf dans la mesure n\u00e9cessaire pour fournir les services ou se conformer aux exigences pr\u00e9vues par la loi. Nous pouvons \u00e9galement divulguer des donn\u00e9es vous concernant lorsque la loi l\u2019exige ou nous le permet.<\/p>\n<h2>Mesures de s\u00e9curit\u00e9<\/h2>\n<p>Nous prenons des mesures appropri\u00e9es en mati\u00e8re de s\u00e9curit\u00e9 physique, technique et administrative aux fins de protection contre l\u2019acc\u00e8s non autoris\u00e9 aux donn\u00e9es personnelles que vous nous fournissez de fa\u00e7on volontaire et contre toute utilisation ou divulgation non autoris\u00e9e de celles-ci. Dans l\u2019hypoth\u00e8se o\u00f9 un tiers non autoris\u00e9 aurait acc\u00e8s \u00e0 vos donn\u00e9es, nous vous en informerions et en aviserions \u00e9galement la Commission Nationale Informatique et Libert\u00e9s ou toute autre autorit\u00e9 nationale de r\u00e9f\u00e9rence si ces donn\u00e9es ne sont pas stock\u00e9es en France.<\/p>\n<h2>Vos droits et vos choix sur vos donn\u00e9es<\/h2>\n<ul>\n<li>vous avez un droit d\u2019acc\u00e8s a\u0300 vos donn\u00e9es personnelles qui vous permet de prendre connaissance des donn\u00e9es personnelles dont nous disposons sur vous;<\/li>\n<li>vous avez un droit de rectification de vos donn\u00e9es qui vous permet de nous demander de modifier ces donn\u00e9es lorsqu\u2019elles sont inexactes;<\/li>\n<li>vous disposez d\u2019un droit a\u0300 l\u2019oubli qui vous permet de demander la suppression de vos donn\u00e9es personnelles si elles ne sont pas n\u00e9cessaires a\u0300 la finalit\u00e9 de votre demande;<\/li>\n<li>vous avez un droit a\u0300 la portabilit\u00e9\u00a0des donn\u00e9es : vous pouvez r\u00e9cup\u00e9rer l\u2019ensemble des donn\u00e9es que vous nous avez remises, dans un format standard et op\u00e9rable en contactant notre D\u00e9l\u00e9gu\u00e9 \u00e0 la Protection des Donn\u00e9es.<\/li>\n<\/ul>\n<p>Enfin, si vous estimez que le traitement de vos donn\u00e9es a \u00e9t\u00e9\u00a0effectue\u0301 en violation de la r\u00e9glementation applicable, vous avez le droit d\u2019introduire une r\u00e9clamation aupr\u00e8s de la Commission Nationale Informatique et Libert\u00e9s.<\/p>\n<p>Eramet, en sa qualit\u00e9\u00a0de responsable de traitement, a d\u00e9sign\u00e9\u00a0un D\u00e9l\u00e9gu\u00e9\u00a0a\u0300 la Protection des Donn\u00e9es (\u00ab\u00a0DPO\u00a0\u00bb). Celui-ci peut \u00eatre contact\u00e9 a\u0300 l\u2019adresse suivante :\u00a0<a href=\"mailto:dpo@eramet.com\">dpo@eramet.com<\/a>.<\/p>\n<p>Modifications<br \/>Nous mettrons \u00e0 jour la pr\u00e9sente politique de confidentialit\u00e9 r\u00e9guli\u00e8rement. Toute modification sera post\u00e9e sur cette page avec une date de r\u00e9vision.<\/p>\n<h2 class=\"fusion-responsive-typography-calculated\" data-fontsize=\"30\" data-lineheight=\"36px\">Qu\u2019est-ce qu\u2019un cookie (\u00ab\u00a0t\u00e9moins\u00a0\u00bb) ?<\/h2>\n<p>Le cookie est l\u2019\u00e9quivalent d\u2019un petit fichier texte stock\u00e9 sur le terminal de l\u2019internaute (ordinateur, tablette, smartphone). Ils permettent aux d\u00e9veloppeurs de sites internet de conserver des donn\u00e9es utilisateur afin de faciliter leur navigation et de permettre certaines fonctionnalit\u00e9s.<\/p>\n<h2 class=\"fusion-responsive-typography-calculated\" data-fontsize=\"30\" data-lineheight=\"36px\">Informations sur les cookies<\/h2>\n<p>Les cookies utilis\u00e9s par le site <a href=\"https:\/\/indonesia.eramet.com\/fr\/\">indonesia.eramet.com<\/a> permettent :<\/p>\n<ul>\n<li>d\u2019afficher, lors de votre premi\u00e8re visite, le bandeau signalant la pr\u00e9sence de cookies et la facult\u00e9 que vous avez de les accepter ou de les refuser ;<\/li>\n<li>d\u2019optimiser vos pr\u00e9f\u00e9rences de consultation et de faciliter votre navigation, pendant une session ;<\/li>\n<li>d\u2019\u00e9tablir des mesures statistiques de fr\u00e9quentation et d\u2019utilisation du site, afin d\u2019en am\u00e9liorer l\u2019usage, les parcours et les fonctionnalit\u00e9s propos\u00e9s.<\/li>\n<\/ul>\n<h2 class=\"fusion-responsive-typography-calculated\" data-fontsize=\"30\" data-lineheight=\"36px\">Les cookies int\u00e9gr\u00e9s \u00e0 des applications tierces<\/h2>\n<p>Le site\u00a0<a href=\"https:\/\/indonesia.eramet.com\/fr\/\">indonesia.eramet.com<\/a>\u00a0int\u00e8gre des fonctionnalit\u00e9s permettant de partager des contenus ou de faire conna\u00eetre \u00e0 des personnes vos consultations ou vos opinions. Il s\u2019agit notamment des fonctionnalit\u00e9s de partage de LinkedIn, Facebook, Twitter et Google +.<\/p>\n<p>Les r\u00e9seaux sociaux sont susceptibles de vous identifier gr\u00e2ce \u00e0 ces fonctionnalit\u00e9s. Nous ne disposons d\u2019aucun contr\u00f4le sur le processus employ\u00e9 par ces r\u00e9seaux pour collecter des informations relatives \u00e0 votre navigation sur <a href=\"https:\/\/indonesia.eramet.com\/fr\/\">indonesia.eramet.com<\/a>. Nous vous recommandons de consulter les conditions d\u2019utilisation de ces r\u00e9seaux sociaux afin de conna\u00eetre les finalit\u00e9s d\u2019utilisation, notamment publicitaires, de vos donn\u00e9es personnelles.<\/p>\n<h2 class=\"fusion-responsive-typography-calculated\" data-fontsize=\"30\" data-lineheight=\"36px\">Comment supprimer ou d\u00e9sactiver les cookies ?<\/h2>\n<p>Vous pouvez param\u00e9trer votre navigateur afin qu\u2019il vous signale la pr\u00e9sence de cookies et vous propose de les accepter ou non. Vous pouvez accepter ou refuser les cookies au cas par cas ou bien les refuser une fois pour toutes. Si votre navigateur est configur\u00e9 de mani\u00e8re \u00e0 refuser l\u2019ensemble des cookies, vous ne pourrez pas profiter de certains services propos\u00e9s sur notre site Web.<\/p>\n<p>La configuration de chaque navigateur est diff\u00e9rente : pour en savoir plus, vous pouvez consulter les liens suivants :<\/p>\n<p>Internet Explorer :\u00a0<a href=\"https:\/\/support.microsoft.com\/fr-fr\/products\/internet-explorer\" target=\"_blank\" rel=\"noopener nofollow\" aria-label=\"https:\/\/support.microsoft.com\/fr-fr\/products\/internet-explorer (nouvelle fen\u00eatre)\">https:\/\/support.microsoft.com\/fr-fr\/products\/internet-explorer<\/a><br \/>Firefox :\u00a0<a href=\"https:\/\/support.mozilla.org\/fr\/\" target=\"_blank\" rel=\"noopener nofollow\" aria-label=\"https:\/\/support.mozilla.org\/fr\/ (nouvelle fen\u00eatre)\">https:\/\/support.mozilla.org\/fr\/<\/a><br \/>Chrome :\u00a0<a href=\"https:\/\/support.google.com\/chrome\/#topic=7438008\" target=\"_blank\" rel=\"noopener nofollow\" aria-label=\"https:\/\/support.google.com\/chrome\/#topic=7438008 (nouvelle fen\u00eatre)\">https:\/\/support.google.com\/chrome\/#topic=7438008<\/a><br \/>Safari :\u00a0<a href=\"http:\/\/docs.info.apple.com\/\" target=\"_blank\" rel=\"noopener nofollow\" aria-label=\"http:\/\/docs.info.apple.com\/ (nouvelle fen\u00eatre)\">http:\/\/docs.info.apple.com\/<\/a><br \/>Opera :\u00a0<a href=\"http:\/\/help.opera.com\/Windows\/10.20\/fr\/cookies.html\" target=\"_blank\" rel=\"noopener nofollow\" aria-label=\"http:\/\/help.opera.com\/Windows\/10.20\/fr\/cookies.html (nouvelle fen\u00eatre)\">http:\/\/help.opera.com\/Windows\/10.20\/fr\/cookies.html<\/a><\/p>\n<h2 class=\"fusion-responsive-typography-calculated\" data-fontsize=\"30\" data-lineheight=\"36px\">Information \/ contact<\/h2>\n<p>Vous pouvez nous faire remonter toutes questions par e-mail :\u00a0<a href=\"mailto:webmaster@eramet.com\" target=\"_blank\" rel=\"noopener\">webmaster@eramet.com<\/a>\u00a0ou par courrier \u00e0 l\u2019adresse suivante :<\/p>\n<p><strong>Eramet<\/strong><br \/>Direction g\u00e9n\u00e9rale \u2013 Direction de la Communication \u2013 Gestion site Web<br \/>10, boulevard de Grenelle<br \/>CS 63205<br \/>75015 Paris<br \/>France<\/p>\n<\/div><\/div><\/div><\/div><\/div>","protected":false},"excerpt":{"rendered":"","protected":false},"author":58,"featured_media":0,"parent":0,"menu_order":100,"comment_status":"closed","ping_status":"closed","template":"","meta":{"footnotes":""},"class_list":["post-51590","page","type-page","status-publish","hentry"],"yoast_head":"<!-- This site is optimized with the Yoast SEO plugin v26.8 - https:\/\/yoast.com\/product\/yoast-seo-wordpress\/ -->\n<title>Protection des donn\u00e9es personnelles - Eramet Indonesia<\/title>\n<meta name=\"robots\" content=\"index, follow, max-snippet:-1, max-image-preview:large, max-video-preview:-1\" \/>\n<link rel=\"canonical\" href=\"https:\/\/indonesia.eramet.com\/fr\/personal-data\/\" \/>\n<meta property=\"og:locale\" content=\"fr_FR\" \/>\n<meta property=\"og:type\" content=\"article\" \/>\n<meta property=\"og:title\" content=\"Protection des donn\u00e9es personnelles - Eramet Indonesia\" \/>\n<meta property=\"og:url\" content=\"https:\/\/indonesia.eramet.com\/fr\/personal-data\/\" \/>\n<meta property=\"og:site_name\" content=\"Eramet Indonesia\" \/>\n<meta property=\"article:modified_time\" content=\"2025-09-29T09:14:33+00:00\" \/>\n<meta name=\"twitter:card\" content=\"summary_large_image\" \/>\n<meta name=\"twitter:label1\" content=\"Dur\u00e9e de lecture estim\u00e9e\" \/>\n\t<meta name=\"twitter:data1\" content=\"7 minutes\" \/>\n<script type=\"application\/ld+json\" class=\"yoast-schema-graph\">{\"@context\":\"https:\/\/schema.org\",\"@graph\":[{\"@type\":\"WebPage\",\"@id\":\"https:\/\/indonesia.eramet.com\/fr\/personal-data\/\",\"url\":\"https:\/\/indonesia.eramet.com\/fr\/personal-data\/\",\"name\":\"Protection des donn\u00e9es personnelles - Eramet Indonesia\",\"isPartOf\":{\"@id\":\"https:\/\/indonesia.eramet.com\/fr\/#website\"},\"datePublished\":\"2025-04-17T08:48:41+00:00\",\"dateModified\":\"2025-09-29T09:14:33+00:00\",\"breadcrumb\":{\"@id\":\"https:\/\/indonesia.eramet.com\/fr\/personal-data\/#breadcrumb\"},\"inLanguage\":\"fr-FR\",\"potentialAction\":[{\"@type\":\"ReadAction\",\"target\":[\"https:\/\/indonesia.eramet.com\/fr\/personal-data\/\"]}]},{\"@type\":\"BreadcrumbList\",\"@id\":\"https:\/\/indonesia.eramet.com\/fr\/personal-data\/#breadcrumb\",\"itemListElement\":[{\"@type\":\"ListItem\",\"position\":1,\"name\":\"Home\",\"item\":\"https:\/\/indonesia.eramet.com\/fr\/\"},{\"@type\":\"ListItem\",\"position\":2,\"name\":\"Protection des donn\u00e9es personnelles\"}]},{\"@type\":\"WebSite\",\"@id\":\"https:\/\/indonesia.eramet.com\/fr\/#website\",\"url\":\"https:\/\/indonesia.eramet.com\/fr\/\",\"name\":\"Eramet Indonesia\",\"description\":\"\",\"potentialAction\":[{\"@type\":\"SearchAction\",\"target\":{\"@type\":\"EntryPoint\",\"urlTemplate\":\"https:\/\/indonesia.eramet.com\/fr\/?s={search_term_string}\"},\"query-input\":{\"@type\":\"PropertyValueSpecification\",\"valueRequired\":true,\"valueName\":\"search_term_string\"}}],\"inLanguage\":\"fr-FR\"}]}<\/script>\n<!-- \/ Yoast SEO plugin. -->","yoast_head_json":{"title":"Protection des donn\u00e9es personnelles - Eramet Indonesia","robots":{"index":"index","follow":"follow","max-snippet":"max-snippet:-1","max-image-preview":"max-image-preview:large","max-video-preview":"max-video-preview:-1"},"canonical":"https:\/\/indonesia.eramet.com\/fr\/personal-data\/","og_locale":"fr_FR","og_type":"article","og_title":"Protection des donn\u00e9es personnelles - Eramet Indonesia","og_url":"https:\/\/indonesia.eramet.com\/fr\/personal-data\/","og_site_name":"Eramet Indonesia","article_modified_time":"2025-09-29T09:14:33+00:00","twitter_card":"summary_large_image","twitter_misc":{"Dur\u00e9e de lecture estim\u00e9e":"7 minutes"},"schema":{"@context":"https:\/\/schema.org","@graph":[{"@type":"WebPage","@id":"https:\/\/indonesia.eramet.com\/fr\/personal-data\/","url":"https:\/\/indonesia.eramet.com\/fr\/personal-data\/","name":"Protection des donn\u00e9es personnelles - Eramet Indonesia","isPartOf":{"@id":"https:\/\/indonesia.eramet.com\/fr\/#website"},"datePublished":"2025-04-17T08:48:41+00:00","dateModified":"2025-09-29T09:14:33+00:00","breadcrumb":{"@id":"https:\/\/indonesia.eramet.com\/fr\/personal-data\/#breadcrumb"},"inLanguage":"fr-FR","potentialAction":[{"@type":"ReadAction","target":["https:\/\/indonesia.eramet.com\/fr\/personal-data\/"]}]},{"@type":"BreadcrumbList","@id":"https:\/\/indonesia.eramet.com\/fr\/personal-data\/#breadcrumb","itemListElement":[{"@type":"ListItem","position":1,"name":"Home","item":"https:\/\/indonesia.eramet.com\/fr\/"},{"@type":"ListItem","position":2,"name":"Protection des donn\u00e9es personnelles"}]},{"@type":"WebSite","@id":"https:\/\/indonesia.eramet.com\/fr\/#website","url":"https:\/\/indonesia.eramet.com\/fr\/","name":"Eramet Indonesia","description":"","potentialAction":[{"@type":"SearchAction","target":{"@type":"EntryPoint","urlTemplate":"https:\/\/indonesia.eramet.com\/fr\/?s={search_term_string}"},"query-input":{"@type":"PropertyValueSpecification","valueRequired":true,"valueName":"search_term_string"}}],"inLanguage":"fr-FR"}]}},"acf":[],"_links":{"self":[{"href":"https:\/\/indonesia.eramet.com\/fr\/wp-json\/wp\/v2\/pages\/51590","targetHints":{"allow":["GET"]}}],"collection":[{"href":"https:\/\/indonesia.eramet.com\/fr\/wp-json\/wp\/v2\/pages"}],"about":[{"href":"https:\/\/indonesia.eramet.com\/fr\/wp-json\/wp\/v2\/types\/page"}],"author":[{"embeddable":true,"href":"https:\/\/indonesia.eramet.com\/fr\/wp-json\/wp\/v2\/users\/58"}],"replies":[{"embeddable":true,"href":"https:\/\/indonesia.eramet.com\/fr\/wp-json\/wp\/v2\/comments?post=51590"}],"version-history":[{"count":4,"href":"https:\/\/indonesia.eramet.com\/fr\/wp-json\/wp\/v2\/pages\/51590\/revisions"}],"predecessor-version":[{"id":52031,"href":"https:\/\/indonesia.eramet.com\/fr\/wp-json\/wp\/v2\/pages\/51590\/revisions\/52031"}],"wp:attachment":[{"href":"https:\/\/indonesia.eramet.com\/fr\/wp-json\/wp\/v2\/media?parent=51590"}],"curies":[{"name":"wp","href":"https:\/\/api.w.org\/{rel}","templated":true}]}}