{"id":51538,"date":"2024-02-06T18:04:49","date_gmt":"2024-02-06T11:04:49","guid":{"rendered":"https:\/\/indonesia.eramet.com\/?page_id=51538"},"modified":"2026-02-18T16:50:21","modified_gmt":"2026-02-18T09:50:21","slug":"diversite-et-inclusion","status":"publish","type":"page","link":"https:\/\/indonesia.eramet.com\/fr\/engagements\/diversite-et-inclusion\/","title":{"rendered":"Diversit\u00e9 et Inclusion"},"content":{"rendered":"<div class=\"fusion-fullwidth fullwidth-box fusion-builder-row-1 fusion-flex-container has-pattern-background has-mask-background nonhundred-percent-fullwidth non-hundred-percent-height-scrolling\" style=\"--awb-border-radius-top-left:0px;--awb-border-radius-top-right:0px;--awb-border-radius-bottom-right:0px;--awb-border-radius-bottom-left:0px;--awb-flex-wrap:wrap;\" ><div class=\"fusion-builder-row fusion-row fusion-flex-align-items-stretch fusion-flex-content-wrap\" style=\"max-width:1468.8px;margin-left: calc(-2% \/ 2 );margin-right: calc(-2% \/ 2 );\"><div class=\"fusion-layout-column fusion_builder_column fusion-builder-column-0 fusion_builder_column_1_1 1_1 fusion-flex-column\" style=\"--awb-padding-right:20%;--awb-padding-right-small:0px;--awb-bg-size:cover;--awb-width-large:100%;--awb-margin-top-large:0px;--awb-spacing-right-large:0.98%;--awb-margin-bottom-large:20px;--awb-spacing-left-large:0.98%;--awb-width-medium:100%;--awb-order-medium:0;--awb-spacing-right-medium:0.98%;--awb-spacing-left-medium:0.98%;--awb-width-small:100%;--awb-order-small:0;--awb-spacing-right-small:0.98%;--awb-spacing-left-small:0.98%;\"><div class=\"fusion-column-wrapper fusion-column-has-shadow fusion-flex-justify-content-flex-start fusion-content-layout-column\"><div class=\"fusion-text fusion-text-1\"><h2>D\u00e9velopper une culture de diversit\u00e9 et d\u2019inclusion<\/h2>\n<p>Chez Eramet, nous nous engageons \u00e0 d\u00e9velopper une culture d\u2019entreprise inclusive, bienveillante et respectueuse des diff\u00e9rences individuelles. Nous nous effor\u00e7ons de faire en sorte que chaque employ\u00e9 puisse contribuer activement et s\u2019\u00e9panouir dans un environnement fond\u00e9 sur la bienveillance, le respect et l\u2019excellence, lui permettant de r\u00e9aliser pleinement son potentiel.<\/p>\n<p>Rejoindre Eramet, c\u2019est int\u00e9grer une organisation qui reconna\u00eet et valorise la diversit\u00e9 sous toutes ses formes : culturelle, ethnique, de genre, d\u2019orientation sexuelle, religieuse et linguistique.<\/p>\n<\/div><\/div><\/div><div class=\"fusion-layout-column fusion_builder_column fusion-builder-column-1 fusion_builder_column_1_2 1_2 fusion-flex-column block-16-9\" style=\"--awb-bg-size:cover;--awb-width-large:50%;--awb-margin-top-large:0px;--awb-spacing-right-large:1.96%;--awb-margin-bottom-large:50px;--awb-spacing-left-large:1.96%;--awb-width-medium:50%;--awb-order-medium:0;--awb-spacing-right-medium:1.96%;--awb-spacing-left-medium:1.96%;--awb-width-small:100%;--awb-order-small:0;--awb-spacing-right-small:0.98%;--awb-spacing-left-small:0.98%;\"><div class=\"fusion-column-wrapper fusion-column-has-shadow fusion-flex-justify-content-flex-start fusion-content-layout-column\"><div class=\"fusion-text fusion-text-2\"><h3>Notre force : la diversit\u00e9<\/h3>\n<p>Chez Eramet, nous sommes convaincus que nos diff\u00e9rences sont notre force. Nous valorisons les collaborateurs issus de secteurs, de cultures, de perspectives et de convictions vari\u00e9s, car cette diversit\u00e9 contribue \u00e0 b\u00e2tir un environnement de travail inclusif et stimulant.<\/p>\n<p>Conform\u00e9ment \u00e0 la Charte Ethique d\u2019Eramet, notre engagement en faveur de la diversit\u00e9 et de l\u2019\u00e9galit\u00e9 des chances se refl\u00e8te \u00e0 la fois dans notre <a href=\"https:\/\/indonesia.eramet.com\/fr\/engagements\/act-for-positive-mining\/\">feuille de route RSE<\/a> et dans notre <strong>feuille de route Diversit\u00e9<\/strong>. Cet engagement r\u00e9pond \u00e0 deux enjeux majeurs : promouvoir la diversit\u00e9 et d\u00e9velopper une culture de l\u2019inclusion.<\/p>\n<p>Notre <strong>Charte Diversit\u00e9<\/strong> d\u00e9finit six engagements cl\u00e9s d\u00e9velopp\u00e9s par Eramet afin de promouvoir activement la diversit\u00e9 gr\u00e2ce \u00e0 une approche proactive. L\u2019\u00e9galit\u00e9 des genres reste une priorit\u00e9 de long terme pour le Groupe. Chez Eramet Indon\u00e9sie, les femmes repr\u00e9sentent d\u00e9sormais 38\u202f% des effectifs totaux et 21\u202f% des postes de management.<\/p>\n<\/div><\/div><\/div><div class=\"fusion-layout-column fusion_builder_column fusion-builder-column-2 fusion_builder_column_1_2 1_2 fusion-flex-column\" style=\"--awb-overflow:hidden;--awb-bg-size:cover;--awb-border-radius:10px 10px 10px 10px;--awb-width-large:50%;--awb-margin-top-large:0px;--awb-spacing-right-large:1.96%;--awb-margin-bottom-large:50px;--awb-spacing-left-large:1.96%;--awb-width-medium:50%;--awb-order-medium:0;--awb-spacing-right-medium:1.96%;--awb-spacing-left-medium:1.96%;--awb-width-small:100%;--awb-order-small:0;--awb-spacing-right-small:0.98%;--awb-spacing-left-small:0.98%;\"><div class=\"fusion-column-wrapper fusion-column-has-shadow fusion-flex-justify-content-flex-start fusion-content-layout-column\"><div class=\"fusion-image-element \" style=\"--awb-caption-title-font-family:var(--h2_typography-font-family);--awb-caption-title-font-weight:var(--h2_typography-font-weight);--awb-caption-title-font-style:var(--h2_typography-font-style);--awb-caption-title-size:var(--h2_typography-font-size);--awb-caption-title-transform:var(--h2_typography-text-transform);--awb-caption-title-line-height:var(--h2_typography-line-height);--awb-caption-title-letter-spacing:var(--h2_typography-letter-spacing);\"><span class=\" fusion-imageframe imageframe-none imageframe-1 hover-type-none\"><img decoding=\"async\" width=\"800\" height=\"450\" title=\"Diversity as Our Strength (1)\" src=\"https:\/\/indonesia.eramet.com\/wp-content\/uploads\/sites\/11\/2026\/02\/Diversity-as-Our-Strength-1.jpg\" data-orig-src=\"https:\/\/indonesia.eramet.com\/wp-content\/uploads\/sites\/11\/2026\/02\/Diversity-as-Our-Strength-1-800x450.jpg\" alt class=\"lazyload img-responsive wp-image-52201\" srcset=\"data:image\/svg+xml,%3Csvg%20xmlns%3D%27http%3A%2F%2Fwww.w3.org%2F2000%2Fsvg%27%20width%3D%271920%27%20height%3D%271080%27%20viewBox%3D%270%200%201920%201080%27%3E%3Crect%20width%3D%271920%27%20height%3D%271080%27%20fill-opacity%3D%220%22%2F%3E%3C%2Fsvg%3E\" data-srcset=\"https:\/\/indonesia.eramet.com\/wp-content\/uploads\/sites\/11\/2026\/02\/Diversity-as-Our-Strength-1-200x113.jpg 200w, https:\/\/indonesia.eramet.com\/wp-content\/uploads\/sites\/11\/2026\/02\/Diversity-as-Our-Strength-1-400x225.jpg 400w, https:\/\/indonesia.eramet.com\/wp-content\/uploads\/sites\/11\/2026\/02\/Diversity-as-Our-Strength-1-600x338.jpg 600w, https:\/\/indonesia.eramet.com\/wp-content\/uploads\/sites\/11\/2026\/02\/Diversity-as-Our-Strength-1-800x450.jpg 800w, https:\/\/indonesia.eramet.com\/wp-content\/uploads\/sites\/11\/2026\/02\/Diversity-as-Our-Strength-1-1200x675.jpg 1200w, https:\/\/indonesia.eramet.com\/wp-content\/uploads\/sites\/11\/2026\/02\/Diversity-as-Our-Strength-1.jpg 1920w\" data-sizes=\"auto\" data-orig-sizes=\"(max-width: 640px) 100vw, 800px\" \/><\/span><\/div><\/div><\/div><div class=\"fusion-layout-column fusion_builder_column fusion-builder-column-3 fusion_builder_column_1_2 1_2 fusion-flex-column\" style=\"--awb-overflow:hidden;--awb-bg-size:cover;--awb-border-radius:10px 10px 10px 10px;--awb-width-large:50%;--awb-margin-top-large:0px;--awb-spacing-right-large:1.96%;--awb-margin-bottom-large:50px;--awb-spacing-left-large:1.96%;--awb-width-medium:50%;--awb-order-medium:0;--awb-spacing-right-medium:1.96%;--awb-spacing-left-medium:1.96%;--awb-width-small:100%;--awb-order-small:0;--awb-spacing-right-small:0.98%;--awb-spacing-left-small:0.98%;\"><div class=\"fusion-column-wrapper fusion-column-has-shadow fusion-flex-justify-content-flex-start fusion-content-layout-column\"><div class=\"fusion-image-element \" style=\"--awb-caption-title-font-family:var(--h2_typography-font-family);--awb-caption-title-font-weight:var(--h2_typography-font-weight);--awb-caption-title-font-style:var(--h2_typography-font-style);--awb-caption-title-size:var(--h2_typography-font-size);--awb-caption-title-transform:var(--h2_typography-text-transform);--awb-caption-title-line-height:var(--h2_typography-line-height);--awb-caption-title-letter-spacing:var(--h2_typography-letter-spacing);\"><span class=\" fusion-imageframe imageframe-none imageframe-2 hover-type-none\"><img decoding=\"async\" width=\"800\" height=\"450\" title=\"Empowering Inclusion in Action (1)\" src=\"https:\/\/indonesia.eramet.com\/wp-content\/uploads\/sites\/11\/2026\/02\/Empowering-Inclusion-in-Action-1.jpg\" data-orig-src=\"https:\/\/indonesia.eramet.com\/wp-content\/uploads\/sites\/11\/2026\/02\/Empowering-Inclusion-in-Action-1-800x450.jpg\" alt class=\"lazyload img-responsive wp-image-52204\" srcset=\"data:image\/svg+xml,%3Csvg%20xmlns%3D%27http%3A%2F%2Fwww.w3.org%2F2000%2Fsvg%27%20width%3D%271920%27%20height%3D%271080%27%20viewBox%3D%270%200%201920%201080%27%3E%3Crect%20width%3D%271920%27%20height%3D%271080%27%20fill-opacity%3D%220%22%2F%3E%3C%2Fsvg%3E\" data-srcset=\"https:\/\/indonesia.eramet.com\/wp-content\/uploads\/sites\/11\/2026\/02\/Empowering-Inclusion-in-Action-1-200x113.jpg 200w, https:\/\/indonesia.eramet.com\/wp-content\/uploads\/sites\/11\/2026\/02\/Empowering-Inclusion-in-Action-1-400x225.jpg 400w, https:\/\/indonesia.eramet.com\/wp-content\/uploads\/sites\/11\/2026\/02\/Empowering-Inclusion-in-Action-1-600x338.jpg 600w, https:\/\/indonesia.eramet.com\/wp-content\/uploads\/sites\/11\/2026\/02\/Empowering-Inclusion-in-Action-1-800x450.jpg 800w, https:\/\/indonesia.eramet.com\/wp-content\/uploads\/sites\/11\/2026\/02\/Empowering-Inclusion-in-Action-1-1200x675.jpg 1200w, https:\/\/indonesia.eramet.com\/wp-content\/uploads\/sites\/11\/2026\/02\/Empowering-Inclusion-in-Action-1.jpg 1920w\" data-sizes=\"auto\" data-orig-sizes=\"(max-width: 640px) 100vw, 800px\" \/><\/span><\/div><\/div><\/div><div class=\"fusion-layout-column fusion_builder_column fusion-builder-column-4 fusion_builder_column_1_2 1_2 fusion-flex-column block-16-9\" style=\"--awb-bg-size:cover;--awb-width-large:50%;--awb-margin-top-large:0px;--awb-spacing-right-large:1.96%;--awb-margin-bottom-large:50px;--awb-spacing-left-large:1.96%;--awb-width-medium:50%;--awb-order-medium:0;--awb-spacing-right-medium:1.96%;--awb-spacing-left-medium:1.96%;--awb-width-small:100%;--awb-order-small:0;--awb-spacing-right-small:0.98%;--awb-spacing-left-small:0.98%;\"><div class=\"fusion-column-wrapper fusion-column-has-shadow fusion-flex-justify-content-flex-start fusion-content-layout-column\"><div class=\"fusion-text fusion-text-3\"><h3><strong>Renforcer l\u2019inclusion au quotidien<\/strong><\/h3>\n<h4><strong>Un mod\u00e8le de travail flexible<\/strong><\/h4>\n<p>Eramet Indon\u00e9sie offre \u00e0 ses collaborateurs bas\u00e9s \u00e0 Jakarta, une organisation de travail flexible leur permettant de partager leur temps entre le travail au bureau et \u00e0 leur domicile.<\/p>\n<p>Cette organisation permet, aux postes qui le peuvent, d\u2019\u00eatre exerc\u00e9s \u00e0 distance avec autant d\u2019efficacit\u00e9 qu\u2019au bureau. En offrant cette flexibilit\u00e9 aux collaborateurs, nous renfor\u00e7ons la productivit\u00e9, la satisfaction au travail et le bien-\u00eatre global, en les aidant \u00e0 mieux concilier leurs responsabilit\u00e9s professionnelles et leur vie personnelle.<\/p>\n<\/div><\/div><\/div><div class=\"fusion-layout-column fusion_builder_column fusion-builder-column-5 fusion_builder_column_1_1 1_1 fusion-flex-column\" style=\"--awb-padding-right:20%;--awb-padding-right-small:0px;--awb-bg-size:cover;--awb-width-large:100%;--awb-margin-top-large:0px;--awb-spacing-right-large:0.98%;--awb-margin-bottom-large:29px;--awb-spacing-left-large:0.98%;--awb-width-medium:100%;--awb-order-medium:0;--awb-spacing-right-medium:0.98%;--awb-spacing-left-medium:0.98%;--awb-width-small:100%;--awb-order-small:0;--awb-spacing-right-small:0.98%;--awb-spacing-left-small:0.98%;\"><div class=\"fusion-column-wrapper fusion-column-has-shadow fusion-flex-justify-content-flex-start fusion-content-layout-column\"><div class=\"fusion-text fusion-text-4\"><h3>Eramet Global Care<\/h3>\n<p>Le groupe Eramet offre une politique de cong\u00e9s pay\u00e9s visant \u00e0 soutenir les conditions de travail des femmes, et notamment la maternit\u00e9. Cette politique inclut 16 semaines de cong\u00e9 maternit\u00e9 enti\u00e8rement r\u00e9mun\u00e9r\u00e9es, refl\u00e9tant notre engagement \u00e0 cr\u00e9er un environnement de travail favorable et inclusif pour les femmes.<\/p>\n<p>&nbsp;<\/p>\n<\/div><\/div><\/div><\/div><\/div>\n","protected":false},"excerpt":{"rendered":"","protected":false},"author":58,"featured_media":0,"parent":51524,"menu_order":1,"comment_status":"closed","ping_status":"closed","template":"","meta":{"footnotes":""},"class_list":["post-51538","page","type-page","status-publish","hentry"],"yoast_head":"<!-- This site is optimized with the Yoast SEO plugin v26.8 - https:\/\/yoast.com\/product\/yoast-seo-wordpress\/ -->\n<title>Diversit\u00e9 et Inclusion - Eramet Indonesia<\/title>\n<meta name=\"description\" content=\"Eramet Indon\u00e9sie valorise la diversit\u00e9 et l\u2019inclusion, avec des engagements concrets pour l\u2019\u00e9galit\u00e9 des chances, le bien-\u00eatre et un environnement de travail respectueux.\" \/>\n<meta name=\"robots\" content=\"index, follow, max-snippet:-1, max-image-preview:large, max-video-preview:-1\" \/>\n<link rel=\"canonical\" href=\"https:\/\/indonesia.eramet.com\/fr\/engagements\/diversite-et-inclusion\/\" \/>\n<meta property=\"og:locale\" content=\"fr_FR\" \/>\n<meta property=\"og:type\" content=\"article\" \/>\n<meta property=\"og:title\" content=\"Diversit\u00e9 et Inclusion - Eramet Indonesia\" \/>\n<meta property=\"og:description\" content=\"Eramet Indon\u00e9sie valorise la diversit\u00e9 et l\u2019inclusion, avec des engagements concrets pour l\u2019\u00e9galit\u00e9 des chances, le bien-\u00eatre et un environnement de travail respectueux.\" \/>\n<meta property=\"og:url\" content=\"https:\/\/indonesia.eramet.com\/fr\/engagements\/diversite-et-inclusion\/\" \/>\n<meta property=\"og:site_name\" content=\"Eramet Indonesia\" \/>\n<meta property=\"article:modified_time\" content=\"2026-02-18T09:50:21+00:00\" \/>\n<meta name=\"twitter:card\" content=\"summary_large_image\" \/>\n<meta name=\"twitter:label1\" content=\"Dur\u00e9e de lecture estim\u00e9e\" \/>\n\t<meta name=\"twitter:data1\" content=\"3 minutes\" \/>\n<script type=\"application\/ld+json\" class=\"yoast-schema-graph\">{\"@context\":\"https:\/\/schema.org\",\"@graph\":[{\"@type\":\"WebPage\",\"@id\":\"https:\/\/indonesia.eramet.com\/fr\/engagements\/diversite-et-inclusion\/\",\"url\":\"https:\/\/indonesia.eramet.com\/fr\/engagements\/diversite-et-inclusion\/\",\"name\":\"Diversit\u00e9 et Inclusion - Eramet Indonesia\",\"isPartOf\":{\"@id\":\"https:\/\/indonesia.eramet.com\/fr\/#website\"},\"datePublished\":\"2024-02-06T11:04:49+00:00\",\"dateModified\":\"2026-02-18T09:50:21+00:00\",\"description\":\"Eramet Indon\u00e9sie valorise la diversit\u00e9 et l\u2019inclusion, avec des engagements concrets pour l\u2019\u00e9galit\u00e9 des chances, le bien-\u00eatre et un environnement de travail respectueux.\",\"breadcrumb\":{\"@id\":\"https:\/\/indonesia.eramet.com\/fr\/engagements\/diversite-et-inclusion\/#breadcrumb\"},\"inLanguage\":\"fr-FR\",\"potentialAction\":[{\"@type\":\"ReadAction\",\"target\":[\"https:\/\/indonesia.eramet.com\/fr\/engagements\/diversite-et-inclusion\/\"]}]},{\"@type\":\"BreadcrumbList\",\"@id\":\"https:\/\/indonesia.eramet.com\/fr\/engagements\/diversite-et-inclusion\/#breadcrumb\",\"itemListElement\":[{\"@type\":\"ListItem\",\"position\":1,\"name\":\"Home\",\"item\":\"https:\/\/indonesia.eramet.com\/fr\/\"},{\"@type\":\"ListItem\",\"position\":2,\"name\":\"Engagements\",\"item\":\"https:\/\/indonesia.eramet.com\/fr\/engagements\/\"},{\"@type\":\"ListItem\",\"position\":3,\"name\":\"Diversit\u00e9 et Inclusion\"}]},{\"@type\":\"WebSite\",\"@id\":\"https:\/\/indonesia.eramet.com\/fr\/#website\",\"url\":\"https:\/\/indonesia.eramet.com\/fr\/\",\"name\":\"Eramet Indonesia\",\"description\":\"\",\"potentialAction\":[{\"@type\":\"SearchAction\",\"target\":{\"@type\":\"EntryPoint\",\"urlTemplate\":\"https:\/\/indonesia.eramet.com\/fr\/?s={search_term_string}\"},\"query-input\":{\"@type\":\"PropertyValueSpecification\",\"valueRequired\":true,\"valueName\":\"search_term_string\"}}],\"inLanguage\":\"fr-FR\"}]}<\/script>\n<!-- \/ Yoast SEO plugin. -->","yoast_head_json":{"title":"Diversit\u00e9 et Inclusion - Eramet Indonesia","description":"Eramet Indon\u00e9sie valorise la diversit\u00e9 et l\u2019inclusion, avec des engagements concrets pour l\u2019\u00e9galit\u00e9 des chances, le bien-\u00eatre et un environnement de travail respectueux.","robots":{"index":"index","follow":"follow","max-snippet":"max-snippet:-1","max-image-preview":"max-image-preview:large","max-video-preview":"max-video-preview:-1"},"canonical":"https:\/\/indonesia.eramet.com\/fr\/engagements\/diversite-et-inclusion\/","og_locale":"fr_FR","og_type":"article","og_title":"Diversit\u00e9 et Inclusion - Eramet Indonesia","og_description":"Eramet Indon\u00e9sie valorise la diversit\u00e9 et l\u2019inclusion, avec des engagements concrets pour l\u2019\u00e9galit\u00e9 des chances, le bien-\u00eatre et un environnement de travail respectueux.","og_url":"https:\/\/indonesia.eramet.com\/fr\/engagements\/diversite-et-inclusion\/","og_site_name":"Eramet Indonesia","article_modified_time":"2026-02-18T09:50:21+00:00","twitter_card":"summary_large_image","twitter_misc":{"Dur\u00e9e de lecture estim\u00e9e":"3 minutes"},"schema":{"@context":"https:\/\/schema.org","@graph":[{"@type":"WebPage","@id":"https:\/\/indonesia.eramet.com\/fr\/engagements\/diversite-et-inclusion\/","url":"https:\/\/indonesia.eramet.com\/fr\/engagements\/diversite-et-inclusion\/","name":"Diversit\u00e9 et Inclusion - Eramet Indonesia","isPartOf":{"@id":"https:\/\/indonesia.eramet.com\/fr\/#website"},"datePublished":"2024-02-06T11:04:49+00:00","dateModified":"2026-02-18T09:50:21+00:00","description":"Eramet Indon\u00e9sie valorise la diversit\u00e9 et l\u2019inclusion, avec des engagements concrets pour l\u2019\u00e9galit\u00e9 des chances, le bien-\u00eatre et un environnement de travail respectueux.","breadcrumb":{"@id":"https:\/\/indonesia.eramet.com\/fr\/engagements\/diversite-et-inclusion\/#breadcrumb"},"inLanguage":"fr-FR","potentialAction":[{"@type":"ReadAction","target":["https:\/\/indonesia.eramet.com\/fr\/engagements\/diversite-et-inclusion\/"]}]},{"@type":"BreadcrumbList","@id":"https:\/\/indonesia.eramet.com\/fr\/engagements\/diversite-et-inclusion\/#breadcrumb","itemListElement":[{"@type":"ListItem","position":1,"name":"Home","item":"https:\/\/indonesia.eramet.com\/fr\/"},{"@type":"ListItem","position":2,"name":"Engagements","item":"https:\/\/indonesia.eramet.com\/fr\/engagements\/"},{"@type":"ListItem","position":3,"name":"Diversit\u00e9 et Inclusion"}]},{"@type":"WebSite","@id":"https:\/\/indonesia.eramet.com\/fr\/#website","url":"https:\/\/indonesia.eramet.com\/fr\/","name":"Eramet Indonesia","description":"","potentialAction":[{"@type":"SearchAction","target":{"@type":"EntryPoint","urlTemplate":"https:\/\/indonesia.eramet.com\/fr\/?s={search_term_string}"},"query-input":{"@type":"PropertyValueSpecification","valueRequired":true,"valueName":"search_term_string"}}],"inLanguage":"fr-FR"}]}},"acf":[],"_links":{"self":[{"href":"https:\/\/indonesia.eramet.com\/fr\/wp-json\/wp\/v2\/pages\/51538","targetHints":{"allow":["GET"]}}],"collection":[{"href":"https:\/\/indonesia.eramet.com\/fr\/wp-json\/wp\/v2\/pages"}],"about":[{"href":"https:\/\/indonesia.eramet.com\/fr\/wp-json\/wp\/v2\/types\/page"}],"author":[{"embeddable":true,"href":"https:\/\/indonesia.eramet.com\/fr\/wp-json\/wp\/v2\/users\/58"}],"replies":[{"embeddable":true,"href":"https:\/\/indonesia.eramet.com\/fr\/wp-json\/wp\/v2\/comments?post=51538"}],"version-history":[{"count":14,"href":"https:\/\/indonesia.eramet.com\/fr\/wp-json\/wp\/v2\/pages\/51538\/revisions"}],"predecessor-version":[{"id":52208,"href":"https:\/\/indonesia.eramet.com\/fr\/wp-json\/wp\/v2\/pages\/51538\/revisions\/52208"}],"up":[{"embeddable":true,"href":"https:\/\/indonesia.eramet.com\/fr\/wp-json\/wp\/v2\/pages\/51524"}],"wp:attachment":[{"href":"https:\/\/indonesia.eramet.com\/fr\/wp-json\/wp\/v2\/media?parent=51538"}],"curies":[{"name":"wp","href":"https:\/\/api.w.org\/{rel}","templated":true}]}}