{"id":51534,"date":"2024-02-06T18:04:00","date_gmt":"2024-02-06T11:04:00","guid":{"rendered":"https:\/\/indonesia.eramet.com\/?page_id=51534"},"modified":"2025-10-15T14:32:41","modified_gmt":"2025-10-15T07:32:41","slug":"contributions-societales","status":"publish","type":"page","link":"https:\/\/indonesia.eramet.com\/fr\/engagements\/contributions-societales\/","title":{"rendered":"Contributions soci\u00e9tales"},"content":{"rendered":"<p><div class=\"fusion-fullwidth fullwidth-box fusion-builder-row-1 fusion-flex-container has-pattern-background has-mask-background nonhundred-percent-fullwidth non-hundred-percent-height-scrolling\" style=\"--awb-border-radius-top-left:0px;--awb-border-radius-top-right:0px;--awb-border-radius-bottom-right:0px;--awb-border-radius-bottom-left:0px;--awb-flex-wrap:wrap;\" ><div class=\"fusion-builder-row fusion-row fusion-flex-align-items-stretch fusion-flex-content-wrap\" style=\"max-width:1468.8px;margin-left: calc(-2% \/ 2 );margin-right: calc(-2% \/ 2 );\"><div class=\"fusion-layout-column fusion_builder_column fusion-builder-column-0 fusion_builder_column_1_1 1_1 fusion-flex-column\" style=\"--awb-padding-right:20%;--awb-padding-right-small:0px;--awb-bg-size:cover;--awb-width-large:100%;--awb-margin-top-large:0px;--awb-spacing-right-large:0.98%;--awb-margin-bottom-large:20px;--awb-spacing-left-large:0.98%;--awb-width-medium:100%;--awb-order-medium:0;--awb-spacing-right-medium:0.98%;--awb-spacing-left-medium:0.98%;--awb-width-small:100%;--awb-order-small:0;--awb-spacing-right-small:0.98%;--awb-spacing-left-small:0.98%;\"><div class=\"fusion-column-wrapper fusion-column-has-shadow fusion-flex-justify-content-flex-start fusion-content-layout-column\"><div class=\"fusion-text fusion-text-1\"><h2>Soutenir le d\u00e9veloppement des communaut\u00e9s<\/h2>\n<p>Chez Eramet, nous sommes convaincus que la <strong>diversification \u00e9conomique <\/strong>est essentielle pour favoriser la stabilit\u00e9 et stimuler la croissance \u00e9conomique locale. Chacune de nos filiales d\u00e9veloppe des projets \u00e9conomiques en \u00e9troite collaboration avec les autorit\u00e9s et communaut\u00e9s locales, avec pour objectif de contribuer au d\u00e9veloppement local de <strong>la sant\u00e9, de l\u2019\u00e9ducation et d\u2019opportunit\u00e9s de croissance pour les entreprises locales et les infrastructures<\/strong>.<\/p>\n<p>Afin d\u2019incarner cette vision, nous avons lanc\u00e9 le programme <a href=\"https:\/\/www.eramet.com\/fr\/engagements\/eramet-beyond-soutenir-la-diversification-economique-locale\/\" target=\"_blank\" rel=\"noopener\">Eramet Beyond for Contributive Impacts<\/a>, dont l\u2019objectif est de contribuer \u00e0 la cr\u00e9ation d\u2019emplois et d\u2019opportunit\u00e9s entrepreneuriales, au-del\u00e0 de notre c\u0153ur d\u2019activit\u00e9. Cette initiative renforce \u00e9galement les opportunit\u00e9s d\u2019emploi directes et indirectes li\u00e9es \u00e0 nos activit\u00e9s, offrant une approche compl\u00e9mentaire de soutien aux communaut\u00e9s.<\/p>\n<\/div><\/div><\/div><div class=\"fusion-layout-column fusion_builder_column fusion-builder-column-1 fusion_builder_column_1_2 1_2 fusion-flex-column block-16-9\" style=\"--awb-bg-size:cover;--awb-width-large:50%;--awb-margin-top-large:0px;--awb-spacing-right-large:1.96%;--awb-margin-bottom-large:50px;--awb-spacing-left-large:1.96%;--awb-width-medium:50%;--awb-order-medium:0;--awb-spacing-right-medium:1.96%;--awb-spacing-left-medium:1.96%;--awb-width-small:100%;--awb-order-small:0;--awb-spacing-right-small:0.98%;--awb-spacing-left-small:0.98%;\"><div class=\"fusion-column-wrapper fusion-column-has-shadow fusion-flex-justify-content-flex-start fusion-content-layout-column\"><div class=\"fusion-text fusion-text-2\"><h2>Notre programme de soutien \u00e0 la formation acad\u00e9mique<\/h2>\n<p>En 2024, Eramet Indon\u00e9sie, en collaboration avec la <strong>Fondation Kitong Bisa<\/strong>, a lanc\u00e9 un programme de distribution de bourses d\u2019\u00e9tudes \u00e0 destination de 42 \u00e9tudiants originaires de l\u2019Est de l\u2019Indon\u00e9sie, dont la majorit\u00e9 se sont sp\u00e9cialis\u00e9s en Science, Technologie, Ing\u00e9nierie et Math\u00e9matiques.<\/p>\n<p>Ce programme de deux ans offre un soutien financier et permet aux \u00e9tudiants d\u2019acqu\u00e9rir les comp\u00e9tences essentielles pour se pr\u00e9parer au monde professionnel. Ces comp\u00e9tences incluent la ma\u00eetrise de l\u2019anglais, des technologies digitales, de la gestion financi\u00e8re, de la communication et de la gestion de projet.<\/p>\n<\/div><\/div><\/div><div class=\"fusion-layout-column fusion_builder_column fusion-builder-column-2 fusion_builder_column_1_2 1_2 fusion-flex-column\" style=\"--awb-overflow:hidden;--awb-bg-size:cover;--awb-border-radius:10px 10px 10px 10px;--awb-width-large:50%;--awb-margin-top-large:0px;--awb-spacing-right-large:1.96%;--awb-margin-bottom-large:50px;--awb-spacing-left-large:1.96%;--awb-width-medium:50%;--awb-order-medium:0;--awb-spacing-right-medium:1.96%;--awb-spacing-left-medium:1.96%;--awb-width-small:100%;--awb-order-small:0;--awb-spacing-right-small:0.98%;--awb-spacing-left-small:0.98%;\"><div class=\"fusion-column-wrapper fusion-column-has-shadow fusion-flex-justify-content-flex-start fusion-content-layout-column\"><div class=\"fusion-image-element \" style=\"--awb-caption-title-font-family:var(--h2_typography-font-family);--awb-caption-title-font-weight:var(--h2_typography-font-weight);--awb-caption-title-font-style:var(--h2_typography-font-style);--awb-caption-title-size:var(--h2_typography-font-size);--awb-caption-title-transform:var(--h2_typography-text-transform);--awb-caption-title-line-height:var(--h2_typography-line-height);--awb-caption-title-letter-spacing:var(--h2_typography-letter-spacing);\"><span class=\" fusion-imageframe imageframe-none imageframe-1 hover-type-none\"><img decoding=\"async\" width=\"800\" height=\"450\" title=\"scholarship-1\" src=\"https:\/\/indonesia.eramet.com\/wp-content\/uploads\/sites\/11\/2025\/03\/scholarship-1.jpg\" data-orig-src=\"https:\/\/indonesia.eramet.com\/wp-content\/uploads\/sites\/11\/2025\/03\/scholarship-1-800x450.jpg\" alt class=\"lazyload img-responsive wp-image-51698\" srcset=\"data:image\/svg+xml,%3Csvg%20xmlns%3D%27http%3A%2F%2Fwww.w3.org%2F2000%2Fsvg%27%20width%3D%271920%27%20height%3D%271080%27%20viewBox%3D%270%200%201920%201080%27%3E%3Crect%20width%3D%271920%27%20height%3D%271080%27%20fill-opacity%3D%220%22%2F%3E%3C%2Fsvg%3E\" data-srcset=\"https:\/\/indonesia.eramet.com\/wp-content\/uploads\/sites\/11\/2025\/03\/scholarship-1-200x113.jpg 200w, https:\/\/indonesia.eramet.com\/wp-content\/uploads\/sites\/11\/2025\/03\/scholarship-1-400x225.jpg 400w, https:\/\/indonesia.eramet.com\/wp-content\/uploads\/sites\/11\/2025\/03\/scholarship-1-600x338.jpg 600w, https:\/\/indonesia.eramet.com\/wp-content\/uploads\/sites\/11\/2025\/03\/scholarship-1-800x450.jpg 800w, https:\/\/indonesia.eramet.com\/wp-content\/uploads\/sites\/11\/2025\/03\/scholarship-1-1200x675.jpg 1200w, https:\/\/indonesia.eramet.com\/wp-content\/uploads\/sites\/11\/2025\/03\/scholarship-1.jpg 1920w\" data-sizes=\"auto\" data-orig-sizes=\"(max-width: 640px) 100vw, 800px\" \/><\/span><\/div><\/div><\/div><div class=\"fusion-layout-column fusion_builder_column fusion-builder-column-3 fusion_builder_column_1_2 1_2 fusion-flex-column\" style=\"--awb-overflow:hidden;--awb-bg-size:cover;--awb-border-radius:10px 10px 10px 10px;--awb-width-large:50%;--awb-margin-top-large:0px;--awb-spacing-right-large:1.96%;--awb-margin-bottom-large:50px;--awb-spacing-left-large:1.96%;--awb-width-medium:50%;--awb-order-medium:0;--awb-spacing-right-medium:1.96%;--awb-spacing-left-medium:1.96%;--awb-width-small:100%;--awb-order-small:0;--awb-spacing-right-small:0.98%;--awb-spacing-left-small:0.98%;\"><div class=\"fusion-column-wrapper fusion-column-has-shadow fusion-flex-justify-content-flex-start fusion-content-layout-column\"><div class=\"fusion-image-element \" style=\"--awb-caption-title-font-family:var(--h2_typography-font-family);--awb-caption-title-font-weight:var(--h2_typography-font-weight);--awb-caption-title-font-style:var(--h2_typography-font-style);--awb-caption-title-size:var(--h2_typography-font-size);--awb-caption-title-transform:var(--h2_typography-text-transform);--awb-caption-title-line-height:var(--h2_typography-line-height);--awb-caption-title-letter-spacing:var(--h2_typography-letter-spacing);\"><span class=\" fusion-imageframe imageframe-none imageframe-2 hover-type-none\"><img decoding=\"async\" width=\"800\" height=\"450\" title=\"Foto-1a\" src=\"https:\/\/indonesia.eramet.com\/wp-content\/uploads\/sites\/11\/2025\/06\/Foto-1a.jpg\" data-orig-src=\"https:\/\/indonesia.eramet.com\/wp-content\/uploads\/sites\/11\/2025\/06\/Foto-1a-800x450.jpg\" alt class=\"lazyload img-responsive wp-image-51740\" srcset=\"data:image\/svg+xml,%3Csvg%20xmlns%3D%27http%3A%2F%2Fwww.w3.org%2F2000%2Fsvg%27%20width%3D%271600%27%20height%3D%27900%27%20viewBox%3D%270%200%201600%20900%27%3E%3Crect%20width%3D%271600%27%20height%3D%27900%27%20fill-opacity%3D%220%22%2F%3E%3C%2Fsvg%3E\" data-srcset=\"https:\/\/indonesia.eramet.com\/wp-content\/uploads\/sites\/11\/2025\/06\/Foto-1a-200x113.jpg 200w, https:\/\/indonesia.eramet.com\/wp-content\/uploads\/sites\/11\/2025\/06\/Foto-1a-400x225.jpg 400w, https:\/\/indonesia.eramet.com\/wp-content\/uploads\/sites\/11\/2025\/06\/Foto-1a-600x338.jpg 600w, https:\/\/indonesia.eramet.com\/wp-content\/uploads\/sites\/11\/2025\/06\/Foto-1a-800x450.jpg 800w, https:\/\/indonesia.eramet.com\/wp-content\/uploads\/sites\/11\/2025\/06\/Foto-1a-1200x675.jpg 1200w, https:\/\/indonesia.eramet.com\/wp-content\/uploads\/sites\/11\/2025\/06\/Foto-1a.jpg 1600w\" data-sizes=\"auto\" data-orig-sizes=\"(max-width: 640px) 100vw, 800px\" \/><\/span><\/div><\/div><\/div><div class=\"fusion-layout-column fusion_builder_column fusion-builder-column-4 fusion_builder_column_1_2 1_2 fusion-flex-column block-16-9\" style=\"--awb-bg-size:cover;--awb-width-large:50%;--awb-margin-top-large:0px;--awb-spacing-right-large:1.96%;--awb-margin-bottom-large:50px;--awb-spacing-left-large:1.96%;--awb-width-medium:50%;--awb-order-medium:0;--awb-spacing-right-medium:1.96%;--awb-spacing-left-medium:1.96%;--awb-width-small:100%;--awb-order-small:0;--awb-spacing-right-small:0.98%;--awb-spacing-left-small:0.98%;\"><div class=\"fusion-column-wrapper fusion-column-has-shadow fusion-flex-justify-content-flex-start fusion-content-layout-column\"><div class=\"fusion-text fusion-text-3\"><h2>Femmes d&rsquo;avenir : soutenir les femmes entrepreneures<\/h2>\n<p>En 2025,\u00a0<strong>Eramet<\/strong> a d\u00e9ploy\u00e9 son programme mondial phare <strong>Femmes d\u2019Avenir<\/strong>\u00a0en Indon\u00e9sie, apr\u00e8s son succ\u00e8s au S\u00e9n\u00e9gal, au Gabon et en Argentine. En Indon\u00e9sie, le programme est mis en \u0153uvre sous le nom de\u00a0<strong>LAKSMI<\/strong>\u00a0(<em>Langkah Aksi Kapasitas Sosial Mikro untuk Inklusi<\/em>), avec pour objectif de renforcer l\u2019autonomisation des femmes micro-entrepreneures \u00e0 travers le d\u00e9veloppement des comp\u00e9tences et des capacit\u00e9s. L\u2019initiative est men\u00e9e en collaboration avec la fondation\u00a0<strong>Yayasan Cinta Anak Bangsa (YCAB)<\/strong>.<\/p>\n<p>Le programme vise \u00e0 renforcer les capacit\u00e9s des participantes tout en \u00e9largissant leur acc\u00e8s aux march\u00e9s et au financement. Au cours des deux prochaines ann\u00e9es, il proposera une formation en ligne en litt\u00e9ratie financi\u00e8re et en marketing digital \u00e0\u00a0<strong>600 femmes micro-entrepreneures<\/strong>, compl\u00e9t\u00e9e par des masterclass et des opportunit\u00e9s de r\u00e9seautage pour les aider \u00e0 professionnaliser leur activit\u00e9.<\/p>\n<\/div><\/div><\/div><\/div><\/div><div class=\"fusion-fullwidth fullwidth-box fusion-builder-row-2 fusion-flex-container has-pattern-background has-mask-background nonhundred-percent-fullwidth non-hundred-percent-height-scrolling\" style=\"--awb-border-radius-top-left:0px;--awb-border-radius-top-right:0px;--awb-border-radius-bottom-right:0px;--awb-border-radius-bottom-left:0px;--awb-padding-bottom:40px;--awb-flex-wrap:wrap;\" ><div class=\"fusion-builder-row fusion-row fusion-flex-align-items-stretch fusion-flex-justify-content-center fusion-flex-content-wrap\" style=\"max-width:1468.8px;margin-left: calc(-2% \/ 2 );margin-right: calc(-2% \/ 2 );\"><div class=\"fusion-layout-column fusion_builder_column fusion-builder-column-5 fusion_builder_column_1_1 1_1 fusion-flex-column\" style=\"--awb-padding-right:20%;--awb-padding-right-small:0px;--awb-bg-size:cover;--awb-width-large:100%;--awb-margin-top-large:0px;--awb-spacing-right-large:0.98%;--awb-margin-bottom-large:20px;--awb-spacing-left-large:0.98%;--awb-width-medium:100%;--awb-order-medium:0;--awb-spacing-right-medium:0.98%;--awb-spacing-left-medium:0.98%;--awb-width-small:100%;--awb-order-small:0;--awb-spacing-right-small:0.98%;--awb-spacing-left-small:0.98%;\"><div class=\"fusion-column-wrapper fusion-column-has-shadow fusion-flex-justify-content-flex-start fusion-content-layout-column\"><div class=\"fusion-text fusion-text-4\"><h2>Chiffres cl\u00e9s<\/h2>\n<\/div><\/div><\/div><div class=\"fusion-layout-column fusion_builder_column fusion-builder-column-6 fusion_builder_column_1_4 1_4 fusion-flex-column KeyFigure\" style=\"--awb-padding-top:20px;--awb-padding-right:20px;--awb-padding-bottom:20px;--awb-padding-left:20px;--awb-overflow:hidden;--awb-bg-color:var(--awb-color1);--awb-bg-color-hover:var(--awb-color1);--awb-bg-size:cover;--awb-border-radius:10px 10px 10px 10px;--awb-width-large:25%;--awb-margin-top-large:0px;--awb-spacing-right-large:3.92%;--awb-margin-bottom-large:20px;--awb-spacing-left-large:3.92%;--awb-width-medium:33.333333333333%;--awb-order-medium:0;--awb-spacing-right-medium:2.94%;--awb-spacing-left-medium:2.94%;--awb-width-small:75%;--awb-order-small:0;--awb-spacing-right-small:1.3066666666667%;--awb-spacing-left-small:1.3066666666667%;\"><div class=\"fusion-column-wrapper fusion-column-has-shadow fusion-flex-justify-content-flex-start fusion-content-layout-column\"><i class=\"fb-icon-element-1 fb-icon-element fontawesome-icon fa-user-graduate fal circle-no\" style=\"--awb-iconcolor:var(--awb-custom_color_3);--awb-iconcolor-hover:var(--awb-custom_color_3);--awb-font-size:50px;--awb-align-self:center;--awb-margin-top:0px;--awb-margin-right:0px;--awb-margin-bottom:10px;--awb-margin-left:0px;\"><\/i><div class=\"fusion-text fusion-text-5 fusion-text-no-margin\" style=\"--awb-content-alignment:center;--awb-text-color:var(--awb-custom_color_3);--awb-margin-bottom:0px;\"><p><strong>42<br \/>\n<\/strong>\u00e9tudiants ont re\u00e7u une bourse d\u2019\u00e9tude<\/p>\n<\/div><\/div><\/div><div class=\"fusion-layout-column fusion_builder_column fusion-builder-column-7 fusion_builder_column_1_4 1_4 fusion-flex-column KeyFigure\" style=\"--awb-padding-top:20px;--awb-padding-right:20px;--awb-padding-bottom:20px;--awb-padding-left:20px;--awb-overflow:hidden;--awb-bg-color:var(--awb-custom_color_6);--awb-bg-color-hover:var(--awb-custom_color_6);--awb-bg-size:cover;--awb-border-radius:10px 10px 10px 10px;--awb-width-large:25%;--awb-margin-top-large:0px;--awb-spacing-right-large:3.92%;--awb-margin-bottom-large:20px;--awb-spacing-left-large:3.92%;--awb-width-medium:33.333333333333%;--awb-order-medium:0;--awb-spacing-right-medium:2.94%;--awb-spacing-left-medium:2.94%;--awb-width-small:75%;--awb-order-small:0;--awb-spacing-right-small:1.3066666666667%;--awb-spacing-left-small:1.3066666666667%;\"><div class=\"fusion-column-wrapper fusion-column-has-shadow fusion-flex-justify-content-flex-start fusion-content-layout-column\"><i class=\"fb-icon-element-2 fb-icon-element fontawesome-icon icon-bold-eramet-frame-176 circle-no\" style=\"--awb-font-size:50px;--awb-align-self:center;--awb-margin-top:0px;--awb-margin-right:0px;--awb-margin-bottom:10px;--awb-margin-left:0px;\"><\/i><div class=\"fusion-text fusion-text-6 fusion-text-no-margin\" style=\"--awb-content-alignment:center;--awb-text-color:var(--awb-color1);--awb-margin-bottom:0px;\"><p><strong>600<br \/>\n<\/strong>femmes micro-entrepreneures accompagn\u00e9es<\/p>\n<\/div><\/div><\/div><\/div><\/div><\/p>\n","protected":false},"excerpt":{"rendered":"","protected":false},"author":58,"featured_media":0,"parent":51524,"menu_order":4,"comment_status":"closed","ping_status":"closed","template":"","meta":{"footnotes":""},"class_list":["post-51534","page","type-page","status-publish","hentry"],"yoast_head":"<!-- This site is optimized with the Yoast SEO plugin v26.8 - https:\/\/yoast.com\/product\/yoast-seo-wordpress\/ -->\n<title>Contributions soci\u00e9tales - Eramet Indonesia<\/title>\n<meta name=\"description\" content=\"Eramet Indon\u00e9sie soutient le d\u00e9veloppement local par l\u2019\u00e9ducation, l\u2019entrepreneuriat f\u00e9minin et des partenariats communautaires durables.\" \/>\n<meta name=\"robots\" content=\"index, follow, max-snippet:-1, max-image-preview:large, max-video-preview:-1\" \/>\n<link rel=\"canonical\" href=\"https:\/\/indonesia.eramet.com\/fr\/engagements\/contributions-societales\/\" \/>\n<meta property=\"og:locale\" content=\"fr_FR\" \/>\n<meta property=\"og:type\" content=\"article\" \/>\n<meta property=\"og:title\" content=\"Contributions soci\u00e9tales - Eramet Indonesia\" \/>\n<meta property=\"og:description\" content=\"Eramet Indon\u00e9sie soutient le d\u00e9veloppement local par l\u2019\u00e9ducation, l\u2019entrepreneuriat f\u00e9minin et des partenariats communautaires durables.\" \/>\n<meta property=\"og:url\" content=\"https:\/\/indonesia.eramet.com\/fr\/engagements\/contributions-societales\/\" \/>\n<meta property=\"og:site_name\" content=\"Eramet Indonesia\" \/>\n<meta property=\"article:modified_time\" content=\"2025-10-15T07:32:41+00:00\" \/>\n<meta name=\"twitter:card\" content=\"summary_large_image\" \/>\n<meta name=\"twitter:label1\" content=\"Dur\u00e9e de lecture estim\u00e9e\" \/>\n\t<meta name=\"twitter:data1\" content=\"3 minutes\" \/>\n<script type=\"application\/ld+json\" class=\"yoast-schema-graph\">{\"@context\":\"https:\/\/schema.org\",\"@graph\":[{\"@type\":\"WebPage\",\"@id\":\"https:\/\/indonesia.eramet.com\/fr\/engagements\/contributions-societales\/\",\"url\":\"https:\/\/indonesia.eramet.com\/fr\/engagements\/contributions-societales\/\",\"name\":\"Contributions soci\u00e9tales - Eramet Indonesia\",\"isPartOf\":{\"@id\":\"https:\/\/indonesia.eramet.com\/fr\/#website\"},\"datePublished\":\"2024-02-06T11:04:00+00:00\",\"dateModified\":\"2025-10-15T07:32:41+00:00\",\"description\":\"Eramet Indon\u00e9sie soutient le d\u00e9veloppement local par l\u2019\u00e9ducation, l\u2019entrepreneuriat f\u00e9minin et des partenariats communautaires durables.\",\"breadcrumb\":{\"@id\":\"https:\/\/indonesia.eramet.com\/fr\/engagements\/contributions-societales\/#breadcrumb\"},\"inLanguage\":\"fr-FR\",\"potentialAction\":[{\"@type\":\"ReadAction\",\"target\":[\"https:\/\/indonesia.eramet.com\/fr\/engagements\/contributions-societales\/\"]}]},{\"@type\":\"BreadcrumbList\",\"@id\":\"https:\/\/indonesia.eramet.com\/fr\/engagements\/contributions-societales\/#breadcrumb\",\"itemListElement\":[{\"@type\":\"ListItem\",\"position\":1,\"name\":\"Home\",\"item\":\"https:\/\/indonesia.eramet.com\/fr\/\"},{\"@type\":\"ListItem\",\"position\":2,\"name\":\"Engagements\",\"item\":\"https:\/\/indonesia.eramet.com\/fr\/engagements\/\"},{\"@type\":\"ListItem\",\"position\":3,\"name\":\"Contributions soci\u00e9tales\"}]},{\"@type\":\"WebSite\",\"@id\":\"https:\/\/indonesia.eramet.com\/fr\/#website\",\"url\":\"https:\/\/indonesia.eramet.com\/fr\/\",\"name\":\"Eramet Indonesia\",\"description\":\"\",\"potentialAction\":[{\"@type\":\"SearchAction\",\"target\":{\"@type\":\"EntryPoint\",\"urlTemplate\":\"https:\/\/indonesia.eramet.com\/fr\/?s={search_term_string}\"},\"query-input\":{\"@type\":\"PropertyValueSpecification\",\"valueRequired\":true,\"valueName\":\"search_term_string\"}}],\"inLanguage\":\"fr-FR\"}]}<\/script>\n<!-- \/ Yoast SEO plugin. -->","yoast_head_json":{"title":"Contributions soci\u00e9tales - Eramet Indonesia","description":"Eramet Indon\u00e9sie soutient le d\u00e9veloppement local par l\u2019\u00e9ducation, l\u2019entrepreneuriat f\u00e9minin et des partenariats communautaires durables.","robots":{"index":"index","follow":"follow","max-snippet":"max-snippet:-1","max-image-preview":"max-image-preview:large","max-video-preview":"max-video-preview:-1"},"canonical":"https:\/\/indonesia.eramet.com\/fr\/engagements\/contributions-societales\/","og_locale":"fr_FR","og_type":"article","og_title":"Contributions soci\u00e9tales - Eramet Indonesia","og_description":"Eramet Indon\u00e9sie soutient le d\u00e9veloppement local par l\u2019\u00e9ducation, l\u2019entrepreneuriat f\u00e9minin et des partenariats communautaires durables.","og_url":"https:\/\/indonesia.eramet.com\/fr\/engagements\/contributions-societales\/","og_site_name":"Eramet Indonesia","article_modified_time":"2025-10-15T07:32:41+00:00","twitter_card":"summary_large_image","twitter_misc":{"Dur\u00e9e de lecture estim\u00e9e":"3 minutes"},"schema":{"@context":"https:\/\/schema.org","@graph":[{"@type":"WebPage","@id":"https:\/\/indonesia.eramet.com\/fr\/engagements\/contributions-societales\/","url":"https:\/\/indonesia.eramet.com\/fr\/engagements\/contributions-societales\/","name":"Contributions soci\u00e9tales - Eramet Indonesia","isPartOf":{"@id":"https:\/\/indonesia.eramet.com\/fr\/#website"},"datePublished":"2024-02-06T11:04:00+00:00","dateModified":"2025-10-15T07:32:41+00:00","description":"Eramet Indon\u00e9sie soutient le d\u00e9veloppement local par l\u2019\u00e9ducation, l\u2019entrepreneuriat f\u00e9minin et des partenariats communautaires durables.","breadcrumb":{"@id":"https:\/\/indonesia.eramet.com\/fr\/engagements\/contributions-societales\/#breadcrumb"},"inLanguage":"fr-FR","potentialAction":[{"@type":"ReadAction","target":["https:\/\/indonesia.eramet.com\/fr\/engagements\/contributions-societales\/"]}]},{"@type":"BreadcrumbList","@id":"https:\/\/indonesia.eramet.com\/fr\/engagements\/contributions-societales\/#breadcrumb","itemListElement":[{"@type":"ListItem","position":1,"name":"Home","item":"https:\/\/indonesia.eramet.com\/fr\/"},{"@type":"ListItem","position":2,"name":"Engagements","item":"https:\/\/indonesia.eramet.com\/fr\/engagements\/"},{"@type":"ListItem","position":3,"name":"Contributions soci\u00e9tales"}]},{"@type":"WebSite","@id":"https:\/\/indonesia.eramet.com\/fr\/#website","url":"https:\/\/indonesia.eramet.com\/fr\/","name":"Eramet Indonesia","description":"","potentialAction":[{"@type":"SearchAction","target":{"@type":"EntryPoint","urlTemplate":"https:\/\/indonesia.eramet.com\/fr\/?s={search_term_string}"},"query-input":{"@type":"PropertyValueSpecification","valueRequired":true,"valueName":"search_term_string"}}],"inLanguage":"fr-FR"}]}},"acf":[],"_links":{"self":[{"href":"https:\/\/indonesia.eramet.com\/fr\/wp-json\/wp\/v2\/pages\/51534","targetHints":{"allow":["GET"]}}],"collection":[{"href":"https:\/\/indonesia.eramet.com\/fr\/wp-json\/wp\/v2\/pages"}],"about":[{"href":"https:\/\/indonesia.eramet.com\/fr\/wp-json\/wp\/v2\/types\/page"}],"author":[{"embeddable":true,"href":"https:\/\/indonesia.eramet.com\/fr\/wp-json\/wp\/v2\/users\/58"}],"replies":[{"embeddable":true,"href":"https:\/\/indonesia.eramet.com\/fr\/wp-json\/wp\/v2\/comments?post=51534"}],"version-history":[{"count":14,"href":"https:\/\/indonesia.eramet.com\/fr\/wp-json\/wp\/v2\/pages\/51534\/revisions"}],"predecessor-version":[{"id":52139,"href":"https:\/\/indonesia.eramet.com\/fr\/wp-json\/wp\/v2\/pages\/51534\/revisions\/52139"}],"up":[{"embeddable":true,"href":"https:\/\/indonesia.eramet.com\/fr\/wp-json\/wp\/v2\/pages\/51524"}],"wp:attachment":[{"href":"https:\/\/indonesia.eramet.com\/fr\/wp-json\/wp\/v2\/media?parent=51534"}],"curies":[{"name":"wp","href":"https:\/\/api.w.org\/{rel}","templated":true}]}}