{"id":51530,"date":"2024-02-06T18:02:17","date_gmt":"2024-02-06T11:02:17","guid":{"rendered":"https:\/\/indonesia.eramet.com\/?page_id=51530"},"modified":"2025-10-15T14:29:26","modified_gmt":"2025-10-15T07:29:26","slug":"act-for-positive-mining","status":"publish","type":"page","link":"https:\/\/indonesia.eramet.com\/fr\/engagements\/act-for-positive-mining\/","title":{"rendered":"Act for Positive Mining"},"content":{"rendered":"<div class=\"fusion-fullwidth fullwidth-box fusion-builder-row-1 fusion-flex-container has-pattern-background has-mask-background nonhundred-percent-fullwidth non-hundred-percent-height-scrolling\" style=\"--awb-border-radius-top-left:0px;--awb-border-radius-top-right:0px;--awb-border-radius-bottom-right:0px;--awb-border-radius-bottom-left:0px;--awb-flex-wrap:wrap;\" ><div class=\"fusion-builder-row fusion-row fusion-flex-align-items-stretch fusion-flex-content-wrap\" style=\"max-width:1468.8px;margin-left: calc(-2% \/ 2 );margin-right: calc(-2% \/ 2 );\"><div class=\"fusion-layout-column fusion_builder_column fusion-builder-column-0 fusion_builder_column_1_2 1_2 fusion-flex-column block-16-9\" style=\"--awb-bg-size:cover;--awb-width-large:50%;--awb-margin-top-large:0px;--awb-spacing-right-large:1.96%;--awb-margin-bottom-large:29px;--awb-spacing-left-large:1.96%;--awb-width-medium:50%;--awb-order-medium:0;--awb-spacing-right-medium:1.96%;--awb-spacing-left-medium:1.96%;--awb-width-small:100%;--awb-order-small:0;--awb-spacing-right-small:0.98%;--awb-spacing-left-small:0.98%;\"><div class=\"fusion-column-wrapper fusion-column-has-shadow fusion-flex-justify-content-flex-start fusion-content-layout-column\"><div class=\"fusion-text fusion-text-1\"><p>Chez Eramet, nous sommes anim\u00e9s par une ambition : concilier performance et responsabilit\u00e9. Nous souhaitons aller au\u2011del\u00e0 de la simple logique de profit, en nous positionnant comme un partenaire de confiance, engag\u00e9 \u00e0 g\u00e9n\u00e9rer un impact positif sur les personnes, l\u2019environnement et la plan\u00e8te, guid\u00e9s par notre feuille de route RSE \u00ab\u202fAct for Positive Mining\u202f\u00bb.<\/p>\n<\/div><div style=\"text-align:left;\"><a class=\"fusion-button button-flat fusion-button-default-size button-custom fusion-button-default button-1 fusion-button-default-span fusion-button-default-type CTA-arrow fusion-has-button-gradient\" style=\"--button_accent_color:var(--awb-color7);--button_accent_hover_color:var(--awb-color3);--button_border_hover_color:var(--awb-color7);--button_border_width-top:0;--button_border_width-right:0;--button_border_width-bottom:0;--button_border_width-left:0;--button-border-radius-top-left:0;--button-border-radius-top-right:0;--button-border-radius-bottom-right:0;--button-border-radius-bottom-left:0;--button_gradient_angle:180deg;--button_gradient_top_color:var(--awb-custom_color_7);--button_gradient_bottom_color:var(--awb-custom_color_7);--button_gradient_top_color_hover:rgba(226,226,226,0);--button_gradient_bottom_color_hover:var(--awb-custom_color_3);--button_font_size:16px;--button_padding-right:70px;--button_padding-left:0px;--button_margin-top:30px;\" target=\"_blank\" rel=\"noopener noreferrer\" href=\"https:\/\/www.eramet.com\/fr\/engagements\/feuille-de-route-rse\/\"><span class=\"fusion-button-text\">D\u00e9couvrir la feuille de route RSE d\u2019Eramet<\/span><\/a><\/div><\/div><\/div><div class=\"fusion-layout-column fusion_builder_column fusion-builder-column-1 fusion_builder_column_1_2 1_2 fusion-flex-column\" style=\"--awb-overflow:hidden;--awb-bg-size:cover;--awb-border-radius:10px 10px 10px 10px;--awb-width-large:50%;--awb-margin-top-large:0px;--awb-spacing-right-large:1.96%;--awb-margin-bottom-large:30px;--awb-spacing-left-large:1.96%;--awb-width-medium:50%;--awb-order-medium:0;--awb-spacing-right-medium:1.96%;--awb-spacing-left-medium:1.96%;--awb-width-small:100%;--awb-order-small:0;--awb-spacing-right-small:0.98%;--awb-spacing-left-small:0.98%;\"><div class=\"fusion-column-wrapper fusion-column-has-shadow fusion-flex-justify-content-flex-start fusion-content-layout-column\"><div class=\"fusion-image-element \" style=\"text-align:center;--awb-caption-title-font-family:var(--h2_typography-font-family);--awb-caption-title-font-weight:var(--h2_typography-font-weight);--awb-caption-title-font-style:var(--h2_typography-font-style);--awb-caption-title-size:var(--h2_typography-font-size);--awb-caption-title-transform:var(--h2_typography-text-transform);--awb-caption-title-line-height:var(--h2_typography-line-height);--awb-caption-title-letter-spacing:var(--h2_typography-letter-spacing);\"><span class=\" fusion-imageframe imageframe-none imageframe-1 hover-type-none\"><img decoding=\"async\" width=\"400\" height=\"400\" title=\"2023-11-Eramet-CSR-Roadmap-EN\" src=\"https:\/\/indonesia.eramet.com\/wp-content\/uploads\/sites\/11\/2025\/03\/2023-11-Eramet-CSR-Roadmap-EN.jpg\" data-orig-src=\"https:\/\/indonesia.eramet.com\/wp-content\/uploads\/sites\/11\/2025\/03\/2023-11-Eramet-CSR-Roadmap-EN.jpg\" alt class=\"lazyload img-responsive wp-image-51693\" srcset=\"data:image\/svg+xml,%3Csvg%20xmlns%3D%27http%3A%2F%2Fwww.w3.org%2F2000%2Fsvg%27%20width%3D%27400%27%20height%3D%27400%27%20viewBox%3D%270%200%20400%20400%27%3E%3Crect%20width%3D%27400%27%20height%3D%27400%27%20fill-opacity%3D%220%22%2F%3E%3C%2Fsvg%3E\" data-srcset=\"https:\/\/indonesia.eramet.com\/wp-content\/uploads\/sites\/11\/2025\/03\/2023-11-Eramet-CSR-Roadmap-EN-200x200.jpg 200w, https:\/\/indonesia.eramet.com\/wp-content\/uploads\/sites\/11\/2025\/03\/2023-11-Eramet-CSR-Roadmap-EN.jpg 400w\" data-sizes=\"auto\" data-orig-sizes=\"(max-width: 640px) 100vw, 400px\" \/><\/span><\/div><\/div><\/div><\/div><\/div>\n","protected":false},"excerpt":{"rendered":"","protected":false},"author":58,"featured_media":0,"parent":51524,"menu_order":1,"comment_status":"closed","ping_status":"closed","template":"","meta":{"footnotes":""},"class_list":["post-51530","page","type-page","status-publish","hentry"],"yoast_head":"<!-- This site is optimized with the Yoast SEO plugin v26.8 - https:\/\/yoast.com\/product\/yoast-seo-wordpress\/ -->\n<title>Act for Positive Mining - Eramet Indonesia<\/title>\n<meta name=\"description\" content=\"Eramet s\u2019engage pour une exploitation mini\u00e8re positive, alliant performance, responsabilit\u00e9 et impact durable sur les communaut\u00e9s et l\u2019environnement.\" \/>\n<meta name=\"robots\" content=\"index, follow, max-snippet:-1, max-image-preview:large, max-video-preview:-1\" \/>\n<link rel=\"canonical\" href=\"https:\/\/indonesia.eramet.com\/fr\/engagements\/act-for-positive-mining\/\" \/>\n<meta property=\"og:locale\" content=\"fr_FR\" \/>\n<meta property=\"og:type\" content=\"article\" \/>\n<meta property=\"og:title\" content=\"Act for Positive Mining - Eramet Indonesia\" \/>\n<meta property=\"og:description\" content=\"Eramet s\u2019engage pour une exploitation mini\u00e8re positive, alliant performance, responsabilit\u00e9 et impact durable sur les communaut\u00e9s et l\u2019environnement.\" \/>\n<meta property=\"og:url\" content=\"https:\/\/indonesia.eramet.com\/fr\/engagements\/act-for-positive-mining\/\" \/>\n<meta property=\"og:site_name\" content=\"Eramet Indonesia\" \/>\n<meta property=\"article:modified_time\" content=\"2025-10-15T07:29:26+00:00\" \/>\n<meta name=\"twitter:card\" content=\"summary_large_image\" \/>\n<meta name=\"twitter:label1\" content=\"Dur\u00e9e de lecture estim\u00e9e\" \/>\n\t<meta name=\"twitter:data1\" content=\"1 minute\" \/>\n<script type=\"application\/ld+json\" class=\"yoast-schema-graph\">{\"@context\":\"https:\/\/schema.org\",\"@graph\":[{\"@type\":\"WebPage\",\"@id\":\"https:\/\/indonesia.eramet.com\/fr\/engagements\/act-for-positive-mining\/\",\"url\":\"https:\/\/indonesia.eramet.com\/fr\/engagements\/act-for-positive-mining\/\",\"name\":\"Act for Positive Mining - Eramet Indonesia\",\"isPartOf\":{\"@id\":\"https:\/\/indonesia.eramet.com\/fr\/#website\"},\"datePublished\":\"2024-02-06T11:02:17+00:00\",\"dateModified\":\"2025-10-15T07:29:26+00:00\",\"description\":\"Eramet s\u2019engage pour une exploitation mini\u00e8re positive, alliant performance, responsabilit\u00e9 et impact durable sur les communaut\u00e9s et l\u2019environnement.\",\"breadcrumb\":{\"@id\":\"https:\/\/indonesia.eramet.com\/fr\/engagements\/act-for-positive-mining\/#breadcrumb\"},\"inLanguage\":\"fr-FR\",\"potentialAction\":[{\"@type\":\"ReadAction\",\"target\":[\"https:\/\/indonesia.eramet.com\/fr\/engagements\/act-for-positive-mining\/\"]}]},{\"@type\":\"BreadcrumbList\",\"@id\":\"https:\/\/indonesia.eramet.com\/fr\/engagements\/act-for-positive-mining\/#breadcrumb\",\"itemListElement\":[{\"@type\":\"ListItem\",\"position\":1,\"name\":\"Home\",\"item\":\"https:\/\/indonesia.eramet.com\/fr\/\"},{\"@type\":\"ListItem\",\"position\":2,\"name\":\"Engagements\",\"item\":\"https:\/\/indonesia.eramet.com\/fr\/engagements\/\"},{\"@type\":\"ListItem\",\"position\":3,\"name\":\"Act for Positive Mining\"}]},{\"@type\":\"WebSite\",\"@id\":\"https:\/\/indonesia.eramet.com\/fr\/#website\",\"url\":\"https:\/\/indonesia.eramet.com\/fr\/\",\"name\":\"Eramet Indonesia\",\"description\":\"\",\"potentialAction\":[{\"@type\":\"SearchAction\",\"target\":{\"@type\":\"EntryPoint\",\"urlTemplate\":\"https:\/\/indonesia.eramet.com\/fr\/?s={search_term_string}\"},\"query-input\":{\"@type\":\"PropertyValueSpecification\",\"valueRequired\":true,\"valueName\":\"search_term_string\"}}],\"inLanguage\":\"fr-FR\"}]}<\/script>\n<!-- \/ Yoast SEO plugin. -->","yoast_head_json":{"title":"Act for Positive Mining - Eramet Indonesia","description":"Eramet s\u2019engage pour une exploitation mini\u00e8re positive, alliant performance, responsabilit\u00e9 et impact durable sur les communaut\u00e9s et l\u2019environnement.","robots":{"index":"index","follow":"follow","max-snippet":"max-snippet:-1","max-image-preview":"max-image-preview:large","max-video-preview":"max-video-preview:-1"},"canonical":"https:\/\/indonesia.eramet.com\/fr\/engagements\/act-for-positive-mining\/","og_locale":"fr_FR","og_type":"article","og_title":"Act for Positive Mining - Eramet Indonesia","og_description":"Eramet s\u2019engage pour une exploitation mini\u00e8re positive, alliant performance, responsabilit\u00e9 et impact durable sur les communaut\u00e9s et l\u2019environnement.","og_url":"https:\/\/indonesia.eramet.com\/fr\/engagements\/act-for-positive-mining\/","og_site_name":"Eramet Indonesia","article_modified_time":"2025-10-15T07:29:26+00:00","twitter_card":"summary_large_image","twitter_misc":{"Dur\u00e9e de lecture estim\u00e9e":"1 minute"},"schema":{"@context":"https:\/\/schema.org","@graph":[{"@type":"WebPage","@id":"https:\/\/indonesia.eramet.com\/fr\/engagements\/act-for-positive-mining\/","url":"https:\/\/indonesia.eramet.com\/fr\/engagements\/act-for-positive-mining\/","name":"Act for Positive Mining - Eramet Indonesia","isPartOf":{"@id":"https:\/\/indonesia.eramet.com\/fr\/#website"},"datePublished":"2024-02-06T11:02:17+00:00","dateModified":"2025-10-15T07:29:26+00:00","description":"Eramet s\u2019engage pour une exploitation mini\u00e8re positive, alliant performance, responsabilit\u00e9 et impact durable sur les communaut\u00e9s et l\u2019environnement.","breadcrumb":{"@id":"https:\/\/indonesia.eramet.com\/fr\/engagements\/act-for-positive-mining\/#breadcrumb"},"inLanguage":"fr-FR","potentialAction":[{"@type":"ReadAction","target":["https:\/\/indonesia.eramet.com\/fr\/engagements\/act-for-positive-mining\/"]}]},{"@type":"BreadcrumbList","@id":"https:\/\/indonesia.eramet.com\/fr\/engagements\/act-for-positive-mining\/#breadcrumb","itemListElement":[{"@type":"ListItem","position":1,"name":"Home","item":"https:\/\/indonesia.eramet.com\/fr\/"},{"@type":"ListItem","position":2,"name":"Engagements","item":"https:\/\/indonesia.eramet.com\/fr\/engagements\/"},{"@type":"ListItem","position":3,"name":"Act for Positive Mining"}]},{"@type":"WebSite","@id":"https:\/\/indonesia.eramet.com\/fr\/#website","url":"https:\/\/indonesia.eramet.com\/fr\/","name":"Eramet Indonesia","description":"","potentialAction":[{"@type":"SearchAction","target":{"@type":"EntryPoint","urlTemplate":"https:\/\/indonesia.eramet.com\/fr\/?s={search_term_string}"},"query-input":{"@type":"PropertyValueSpecification","valueRequired":true,"valueName":"search_term_string"}}],"inLanguage":"fr-FR"}]}},"acf":[],"_links":{"self":[{"href":"https:\/\/indonesia.eramet.com\/fr\/wp-json\/wp\/v2\/pages\/51530","targetHints":{"allow":["GET"]}}],"collection":[{"href":"https:\/\/indonesia.eramet.com\/fr\/wp-json\/wp\/v2\/pages"}],"about":[{"href":"https:\/\/indonesia.eramet.com\/fr\/wp-json\/wp\/v2\/types\/page"}],"author":[{"embeddable":true,"href":"https:\/\/indonesia.eramet.com\/fr\/wp-json\/wp\/v2\/users\/58"}],"replies":[{"embeddable":true,"href":"https:\/\/indonesia.eramet.com\/fr\/wp-json\/wp\/v2\/comments?post=51530"}],"version-history":[{"count":9,"href":"https:\/\/indonesia.eramet.com\/fr\/wp-json\/wp\/v2\/pages\/51530\/revisions"}],"predecessor-version":[{"id":52136,"href":"https:\/\/indonesia.eramet.com\/fr\/wp-json\/wp\/v2\/pages\/51530\/revisions\/52136"}],"up":[{"embeddable":true,"href":"https:\/\/indonesia.eramet.com\/fr\/wp-json\/wp\/v2\/pages\/51524"}],"wp:attachment":[{"href":"https:\/\/indonesia.eramet.com\/fr\/wp-json\/wp\/v2\/media?parent=51530"}],"curies":[{"name":"wp","href":"https:\/\/api.w.org\/{rel}","templated":true}]}}