{"id":51524,"date":"2020-10-01T15:24:06","date_gmt":"2020-10-01T08:24:06","guid":{"rendered":"https:\/\/indonesia.eramet.com\/?page_id=51524"},"modified":"2025-10-14T22:10:46","modified_gmt":"2025-10-14T15:10:46","slug":"engagements","status":"publish","type":"page","link":"https:\/\/indonesia.eramet.com\/fr\/engagements\/","title":{"rendered":"Engagements"},"content":{"rendered":"<div class=\"fusion-fullwidth fullwidth-box fusion-builder-row-1 fusion-flex-container has-pattern-background has-mask-background nonhundred-percent-fullwidth non-hundred-percent-height-scrolling\" style=\"--awb-border-radius-top-left:0px;--awb-border-radius-top-right:0px;--awb-border-radius-bottom-right:0px;--awb-border-radius-bottom-left:0px;--awb-flex-wrap:wrap;\" ><div class=\"fusion-builder-row fusion-row fusion-flex-align-items-stretch fusion-flex-content-wrap\" style=\"max-width:1468.8px;margin-left: calc(-2% \/ 2 );margin-right: calc(-2% \/ 2 );\"><div class=\"fusion-layout-column fusion_builder_column fusion-builder-column-0 fusion_builder_column_1_2 1_2 fusion-flex-column\" style=\"--awb-bg-size:cover;--awb-width-large:50%;--awb-margin-top-large:0px;--awb-spacing-right-large:1.96%;--awb-margin-bottom-large:50px;--awb-spacing-left-large:1.96%;--awb-width-medium:50%;--awb-order-medium:0;--awb-spacing-right-medium:1.96%;--awb-spacing-left-medium:1.96%;--awb-width-small:100%;--awb-order-small:0;--awb-spacing-right-small:0.98%;--awb-spacing-left-small:0.98%;\"><div class=\"fusion-column-wrapper fusion-column-has-shadow fusion-flex-justify-content-flex-start fusion-content-layout-column\"><div class=\"fusion-text fusion-text-1\"><p>Chez Eramet Indon\u00e9sie, nous nous engageons en faveur du <strong>d\u00e9veloppement durable et de la responsabilit\u00e9 sociale<\/strong>. Anim\u00e9s par le respect de la nature et de nos parties prenantes, nous travaillons \u00e0 r\u00e9duire notre empreinte environnementale, prot\u00e9ger la biodiversit\u00e9 et g\u00e9rer les ressources naturelles de mani\u00e8re responsable, des priorit\u00e9s explicitement int\u00e9gr\u00e9es \u00e0 l\u2019ensemble de nos activit\u00e9s. L\u2019utilisation de technologies avanc\u00e9es nous permet de limiter nos impacts n\u00e9gatifs, de r\u00e9duire les \u00e9missions, d\u2019optimiser l\u2019usage de l\u2019eau et de garantir que nos op\u00e9rations respectent les normes environnementales les plus strictes.<\/p>\n<\/div><\/div><\/div><div class=\"fusion-layout-column fusion_builder_column fusion-builder-column-1 fusion_builder_column_1_2 1_2 fusion-flex-column\" style=\"--awb-overflow:hidden;--awb-bg-size:cover;--awb-border-radius:10px 10px 10px 10px;--awb-width-large:50%;--awb-margin-top-large:0px;--awb-spacing-right-large:1.96%;--awb-margin-bottom-large:50px;--awb-spacing-left-large:1.96%;--awb-width-medium:50%;--awb-order-medium:0;--awb-spacing-right-medium:1.96%;--awb-spacing-left-medium:1.96%;--awb-width-small:100%;--awb-order-small:0;--awb-spacing-right-small:0.98%;--awb-spacing-left-small:0.98%;\"><div class=\"fusion-column-wrapper fusion-column-has-shadow fusion-flex-justify-content-flex-start fusion-content-layout-column\"><div class=\"fusion-image-element \" style=\"--awb-caption-title-font-family:var(--h2_typography-font-family);--awb-caption-title-font-weight:var(--h2_typography-font-weight);--awb-caption-title-font-style:var(--h2_typography-font-style);--awb-caption-title-size:var(--h2_typography-font-size);--awb-caption-title-transform:var(--h2_typography-text-transform);--awb-caption-title-line-height:var(--h2_typography-line-height);--awb-caption-title-letter-spacing:var(--h2_typography-letter-spacing);\"><span class=\" fusion-imageframe imageframe-none imageframe-1 hover-type-none\"><img decoding=\"async\" width=\"800\" height=\"450\" title=\"Eramet Indonesia-Commitments\" src=\"https:\/\/indonesia.eramet.com\/wp-content\/uploads\/sites\/11\/2025\/03\/Eramet-Indonesia-Commitments.jpg\" data-orig-src=\"https:\/\/indonesia.eramet.com\/wp-content\/uploads\/sites\/11\/2025\/03\/Eramet-Indonesia-Commitments-800x450.jpg\" alt class=\"lazyload img-responsive wp-image-51707\" srcset=\"data:image\/svg+xml,%3Csvg%20xmlns%3D%27http%3A%2F%2Fwww.w3.org%2F2000%2Fsvg%27%20width%3D%271920%27%20height%3D%271080%27%20viewBox%3D%270%200%201920%201080%27%3E%3Crect%20width%3D%271920%27%20height%3D%271080%27%20fill-opacity%3D%220%22%2F%3E%3C%2Fsvg%3E\" data-srcset=\"https:\/\/indonesia.eramet.com\/wp-content\/uploads\/sites\/11\/2025\/03\/Eramet-Indonesia-Commitments-200x113.jpg 200w, https:\/\/indonesia.eramet.com\/wp-content\/uploads\/sites\/11\/2025\/03\/Eramet-Indonesia-Commitments-400x225.jpg 400w, https:\/\/indonesia.eramet.com\/wp-content\/uploads\/sites\/11\/2025\/03\/Eramet-Indonesia-Commitments-600x338.jpg 600w, https:\/\/indonesia.eramet.com\/wp-content\/uploads\/sites\/11\/2025\/03\/Eramet-Indonesia-Commitments-800x450.jpg 800w, https:\/\/indonesia.eramet.com\/wp-content\/uploads\/sites\/11\/2025\/03\/Eramet-Indonesia-Commitments-1200x675.jpg 1200w, https:\/\/indonesia.eramet.com\/wp-content\/uploads\/sites\/11\/2025\/03\/Eramet-Indonesia-Commitments.jpg 1920w\" data-sizes=\"auto\" data-orig-sizes=\"(max-width: 640px) 100vw, 800px\" \/><\/span><\/div><\/div><\/div><div class=\"fusion-layout-column fusion_builder_column fusion-builder-column-2 fusion_builder_column_1_2 1_2 fusion-flex-column\" style=\"--awb-overflow:hidden;--awb-bg-size:cover;--awb-border-radius:10px 10px 10px 10px;--awb-width-large:50%;--awb-margin-top-large:0px;--awb-spacing-right-large:1.96%;--awb-margin-bottom-large:50px;--awb-spacing-left-large:1.96%;--awb-width-medium:50%;--awb-order-medium:0;--awb-spacing-right-medium:1.96%;--awb-spacing-left-medium:1.96%;--awb-width-small:100%;--awb-order-small:0;--awb-spacing-right-small:0.98%;--awb-spacing-left-small:0.98%;\"><div class=\"fusion-column-wrapper fusion-column-has-shadow fusion-flex-justify-content-flex-start fusion-content-layout-column\"><div class=\"fusion-image-element \" style=\"--awb-caption-title-font-family:var(--h2_typography-font-family);--awb-caption-title-font-weight:var(--h2_typography-font-weight);--awb-caption-title-font-style:var(--h2_typography-font-style);--awb-caption-title-size:var(--h2_typography-font-size);--awb-caption-title-transform:var(--h2_typography-text-transform);--awb-caption-title-line-height:var(--h2_typography-line-height);--awb-caption-title-letter-spacing:var(--h2_typography-letter-spacing);\"><span class=\" fusion-imageframe imageframe-none imageframe-2 hover-type-none\"><img decoding=\"async\" width=\"1200\" height=\"675\" title=\"Eramet-Indonesia-Commitments\" src=\"https:\/\/indonesia.eramet.com\/wp-content\/uploads\/sites\/11\/2025\/04\/Eramet-Indonesia-Commitments.jpg\" data-orig-src=\"https:\/\/indonesia.eramet.com\/wp-content\/uploads\/sites\/11\/2025\/04\/Eramet-Indonesia-Commitments-1200x675.jpg\" alt class=\"lazyload img-responsive wp-image-51734\" srcset=\"data:image\/svg+xml,%3Csvg%20xmlns%3D%27http%3A%2F%2Fwww.w3.org%2F2000%2Fsvg%27%20width%3D%271920%27%20height%3D%271080%27%20viewBox%3D%270%200%201920%201080%27%3E%3Crect%20width%3D%271920%27%20height%3D%271080%27%20fill-opacity%3D%220%22%2F%3E%3C%2Fsvg%3E\" data-srcset=\"https:\/\/indonesia.eramet.com\/wp-content\/uploads\/sites\/11\/2025\/04\/Eramet-Indonesia-Commitments-200x113.jpg 200w, https:\/\/indonesia.eramet.com\/wp-content\/uploads\/sites\/11\/2025\/04\/Eramet-Indonesia-Commitments-400x225.jpg 400w, https:\/\/indonesia.eramet.com\/wp-content\/uploads\/sites\/11\/2025\/04\/Eramet-Indonesia-Commitments-600x338.jpg 600w, https:\/\/indonesia.eramet.com\/wp-content\/uploads\/sites\/11\/2025\/04\/Eramet-Indonesia-Commitments-800x450.jpg 800w, https:\/\/indonesia.eramet.com\/wp-content\/uploads\/sites\/11\/2025\/04\/Eramet-Indonesia-Commitments-1200x675.jpg 1200w, https:\/\/indonesia.eramet.com\/wp-content\/uploads\/sites\/11\/2025\/04\/Eramet-Indonesia-Commitments.jpg 1920w\" data-sizes=\"auto\" data-orig-sizes=\"(max-width: 640px) 100vw, 800px\" \/><\/span><\/div><\/div><\/div><div class=\"fusion-layout-column fusion_builder_column fusion-builder-column-3 fusion_builder_column_1_2 1_2 fusion-flex-column\" style=\"--awb-bg-size:cover;--awb-width-large:50%;--awb-margin-top-large:0px;--awb-spacing-right-large:1.96%;--awb-margin-bottom-large:50px;--awb-spacing-left-large:1.96%;--awb-width-medium:50%;--awb-order-medium:0;--awb-spacing-right-medium:1.96%;--awb-spacing-left-medium:1.96%;--awb-width-small:100%;--awb-order-small:0;--awb-spacing-right-small:0.98%;--awb-spacing-left-small:0.98%;\"><div class=\"fusion-column-wrapper fusion-column-has-shadow fusion-flex-justify-content-flex-start fusion-content-layout-column\"><div class=\"fusion-text fusion-text-2\"><p>Sur le plan social, nous cherchons \u00e0 <strong>g\u00e9n\u00e9rer des impacts positifs durables pour les communaut\u00e9s<\/strong> proches de nos sites d\u2019exploitation. Nous collaborons activement avec les parties prenantes locales afin de construire des partenariats \u00e0 long terme, favorisant les progr\u00e8s sociaux et \u00e9conomiques tout en respectant l\u2019h\u00e9ritage culturel de chaque r\u00e9gion. Nos investissements dans l\u2019\u00e9ducation, la sant\u00e9 et les infrastructures locales visent \u00e0 am\u00e9liorer le bien-\u00eatre des communaut\u00e9s et leur qualit\u00e9 de vie.<\/p>\n<p>Nous sommes convaincus que le d\u00e9veloppement durable est la base de la cr\u00e9ation de valeur partag\u00e9e. Chez Eramet Indon\u00e9sie, nous nous engageons \u00e0 promouvoir un environnement de travail s\u00fbr, inclusif et \u00e9quitable.<\/p>\n<\/div><\/div><\/div><\/div><\/div>\n","protected":false},"excerpt":{"rendered":"","protected":false},"author":58,"featured_media":0,"parent":0,"menu_order":3,"comment_status":"closed","ping_status":"closed","template":"","meta":{"footnotes":""},"class_list":["post-51524","page","type-page","status-publish","hentry"],"yoast_head":"<!-- This site is optimized with the Yoast SEO plugin v26.8 - https:\/\/yoast.com\/product\/yoast-seo-wordpress\/ -->\n<title>Engagements - Eramet Indonesia<\/title>\n<meta name=\"description\" content=\"Eramet Indon\u00e9sie s\u2019engage pour la durabilit\u00e9 environnementale et la responsabilit\u00e9 sociale, en partenariat avec les communaut\u00e9s locales.\" \/>\n<meta name=\"robots\" content=\"index, follow, max-snippet:-1, max-image-preview:large, max-video-preview:-1\" \/>\n<link rel=\"canonical\" href=\"https:\/\/indonesia.eramet.com\/fr\/engagements\/\" \/>\n<meta property=\"og:locale\" content=\"fr_FR\" \/>\n<meta property=\"og:type\" content=\"article\" \/>\n<meta property=\"og:title\" content=\"Engagements - Eramet Indonesia\" \/>\n<meta property=\"og:description\" content=\"Eramet Indon\u00e9sie s\u2019engage pour la durabilit\u00e9 environnementale et la responsabilit\u00e9 sociale, en partenariat avec les communaut\u00e9s locales.\" \/>\n<meta property=\"og:url\" content=\"https:\/\/indonesia.eramet.com\/fr\/engagements\/\" \/>\n<meta property=\"og:site_name\" content=\"Eramet Indonesia\" \/>\n<meta property=\"article:modified_time\" content=\"2025-10-14T15:10:46+00:00\" \/>\n<meta name=\"twitter:card\" content=\"summary_large_image\" \/>\n<meta name=\"twitter:label1\" content=\"Dur\u00e9e de lecture estim\u00e9e\" \/>\n\t<meta name=\"twitter:data1\" content=\"2 minutes\" \/>\n<script type=\"application\/ld+json\" class=\"yoast-schema-graph\">{\"@context\":\"https:\/\/schema.org\",\"@graph\":[{\"@type\":\"WebPage\",\"@id\":\"https:\/\/indonesia.eramet.com\/fr\/engagements\/\",\"url\":\"https:\/\/indonesia.eramet.com\/fr\/engagements\/\",\"name\":\"Engagements - Eramet Indonesia\",\"isPartOf\":{\"@id\":\"https:\/\/indonesia.eramet.com\/fr\/#website\"},\"datePublished\":\"2020-10-01T08:24:06+00:00\",\"dateModified\":\"2025-10-14T15:10:46+00:00\",\"description\":\"Eramet Indon\u00e9sie s\u2019engage pour la durabilit\u00e9 environnementale et la responsabilit\u00e9 sociale, en partenariat avec les communaut\u00e9s locales.\",\"breadcrumb\":{\"@id\":\"https:\/\/indonesia.eramet.com\/fr\/engagements\/#breadcrumb\"},\"inLanguage\":\"fr-FR\",\"potentialAction\":[{\"@type\":\"ReadAction\",\"target\":[\"https:\/\/indonesia.eramet.com\/fr\/engagements\/\"]}]},{\"@type\":\"BreadcrumbList\",\"@id\":\"https:\/\/indonesia.eramet.com\/fr\/engagements\/#breadcrumb\",\"itemListElement\":[{\"@type\":\"ListItem\",\"position\":1,\"name\":\"Home\",\"item\":\"https:\/\/indonesia.eramet.com\/fr\/\"},{\"@type\":\"ListItem\",\"position\":2,\"name\":\"Engagements\"}]},{\"@type\":\"WebSite\",\"@id\":\"https:\/\/indonesia.eramet.com\/fr\/#website\",\"url\":\"https:\/\/indonesia.eramet.com\/fr\/\",\"name\":\"Eramet Indonesia\",\"description\":\"\",\"potentialAction\":[{\"@type\":\"SearchAction\",\"target\":{\"@type\":\"EntryPoint\",\"urlTemplate\":\"https:\/\/indonesia.eramet.com\/fr\/?s={search_term_string}\"},\"query-input\":{\"@type\":\"PropertyValueSpecification\",\"valueRequired\":true,\"valueName\":\"search_term_string\"}}],\"inLanguage\":\"fr-FR\"}]}<\/script>\n<!-- \/ Yoast SEO plugin. -->","yoast_head_json":{"title":"Engagements - Eramet Indonesia","description":"Eramet Indon\u00e9sie s\u2019engage pour la durabilit\u00e9 environnementale et la responsabilit\u00e9 sociale, en partenariat avec les communaut\u00e9s locales.","robots":{"index":"index","follow":"follow","max-snippet":"max-snippet:-1","max-image-preview":"max-image-preview:large","max-video-preview":"max-video-preview:-1"},"canonical":"https:\/\/indonesia.eramet.com\/fr\/engagements\/","og_locale":"fr_FR","og_type":"article","og_title":"Engagements - Eramet Indonesia","og_description":"Eramet Indon\u00e9sie s\u2019engage pour la durabilit\u00e9 environnementale et la responsabilit\u00e9 sociale, en partenariat avec les communaut\u00e9s locales.","og_url":"https:\/\/indonesia.eramet.com\/fr\/engagements\/","og_site_name":"Eramet Indonesia","article_modified_time":"2025-10-14T15:10:46+00:00","twitter_card":"summary_large_image","twitter_misc":{"Dur\u00e9e de lecture estim\u00e9e":"2 minutes"},"schema":{"@context":"https:\/\/schema.org","@graph":[{"@type":"WebPage","@id":"https:\/\/indonesia.eramet.com\/fr\/engagements\/","url":"https:\/\/indonesia.eramet.com\/fr\/engagements\/","name":"Engagements - Eramet Indonesia","isPartOf":{"@id":"https:\/\/indonesia.eramet.com\/fr\/#website"},"datePublished":"2020-10-01T08:24:06+00:00","dateModified":"2025-10-14T15:10:46+00:00","description":"Eramet Indon\u00e9sie s\u2019engage pour la durabilit\u00e9 environnementale et la responsabilit\u00e9 sociale, en partenariat avec les communaut\u00e9s locales.","breadcrumb":{"@id":"https:\/\/indonesia.eramet.com\/fr\/engagements\/#breadcrumb"},"inLanguage":"fr-FR","potentialAction":[{"@type":"ReadAction","target":["https:\/\/indonesia.eramet.com\/fr\/engagements\/"]}]},{"@type":"BreadcrumbList","@id":"https:\/\/indonesia.eramet.com\/fr\/engagements\/#breadcrumb","itemListElement":[{"@type":"ListItem","position":1,"name":"Home","item":"https:\/\/indonesia.eramet.com\/fr\/"},{"@type":"ListItem","position":2,"name":"Engagements"}]},{"@type":"WebSite","@id":"https:\/\/indonesia.eramet.com\/fr\/#website","url":"https:\/\/indonesia.eramet.com\/fr\/","name":"Eramet Indonesia","description":"","potentialAction":[{"@type":"SearchAction","target":{"@type":"EntryPoint","urlTemplate":"https:\/\/indonesia.eramet.com\/fr\/?s={search_term_string}"},"query-input":{"@type":"PropertyValueSpecification","valueRequired":true,"valueName":"search_term_string"}}],"inLanguage":"fr-FR"}]}},"acf":[],"_links":{"self":[{"href":"https:\/\/indonesia.eramet.com\/fr\/wp-json\/wp\/v2\/pages\/51524","targetHints":{"allow":["GET"]}}],"collection":[{"href":"https:\/\/indonesia.eramet.com\/fr\/wp-json\/wp\/v2\/pages"}],"about":[{"href":"https:\/\/indonesia.eramet.com\/fr\/wp-json\/wp\/v2\/types\/page"}],"author":[{"embeddable":true,"href":"https:\/\/indonesia.eramet.com\/fr\/wp-json\/wp\/v2\/users\/58"}],"replies":[{"embeddable":true,"href":"https:\/\/indonesia.eramet.com\/fr\/wp-json\/wp\/v2\/comments?post=51524"}],"version-history":[{"count":8,"href":"https:\/\/indonesia.eramet.com\/fr\/wp-json\/wp\/v2\/pages\/51524\/revisions"}],"predecessor-version":[{"id":52134,"href":"https:\/\/indonesia.eramet.com\/fr\/wp-json\/wp\/v2\/pages\/51524\/revisions\/52134"}],"wp:attachment":[{"href":"https:\/\/indonesia.eramet.com\/fr\/wp-json\/wp\/v2\/media?parent=51524"}],"curies":[{"name":"wp","href":"https:\/\/api.w.org\/{rel}","templated":true}]}}