{"id":51514,"date":"2024-02-06T17:57:20","date_gmt":"2024-02-06T10:57:20","guid":{"rendered":"https:\/\/indonesia.eramet.com\/?page_id=51514"},"modified":"2025-10-14T22:00:47","modified_gmt":"2025-10-14T15:00:47","slug":"exploration","status":"publish","type":"page","link":"https:\/\/indonesia.eramet.com\/fr\/activites\/exploration\/","title":{"rendered":"Exploration"},"content":{"rendered":"<div class=\"fusion-fullwidth fullwidth-box fusion-builder-row-1 fusion-flex-container has-pattern-background has-mask-background nonhundred-percent-fullwidth non-hundred-percent-height-scrolling\" style=\"--awb-border-radius-top-left:0px;--awb-border-radius-top-right:0px;--awb-border-radius-bottom-right:0px;--awb-border-radius-bottom-left:0px;--awb-flex-wrap:wrap;\" ><div class=\"fusion-builder-row fusion-row fusion-flex-align-items-stretch fusion-flex-content-wrap\" style=\"max-width:1468.8px;margin-left: calc(-2% \/ 2 );margin-right: calc(-2% \/ 2 );\"><div class=\"fusion-layout-column fusion_builder_column fusion-builder-column-0 fusion_builder_column_1_1 1_1 fusion-flex-column\" style=\"--awb-padding-right:20%;--awb-padding-right-small:0px;--awb-bg-size:cover;--awb-width-large:100%;--awb-margin-top-large:0px;--awb-spacing-right-large:0.98%;--awb-margin-bottom-large:0px;--awb-spacing-left-large:0.98%;--awb-width-medium:100%;--awb-order-medium:0;--awb-spacing-right-medium:0.98%;--awb-spacing-left-medium:0.98%;--awb-width-small:100%;--awb-order-small:0;--awb-spacing-right-small:0.98%;--awb-spacing-left-small:0.98%;\"><div class=\"fusion-column-wrapper fusion-column-has-shadow fusion-flex-justify-content-flex-start fusion-content-layout-column\"><div class=\"fusion-text fusion-text-1\"><h2>Une exploration strat\u00e9gique au service d\u2019une croissance durable<\/h2>\n<p>Chez Eramet Indon\u00e9sie, nous nous engageons \u00e0 identifier les ressources min\u00e9rales qui soutiennent la transition \u00e9nerg\u00e9tique mondiale, en mettant particuli\u00e8rement l\u2019accent sur les minerais critiques. Nous nous appuyons sur l\u2019expertise du d\u00e9partement Exploration d\u2019Eramet pour prospecter, d\u00e9couvrir et analyser de nouveaux gisements. Anim\u00e9s par un engagement en faveur de la pr\u00e9servation de l\u2019environnement et d\u2019un dialogue respectueux avec les autorit\u00e9s locales, les communaut\u00e9s et la soci\u00e9t\u00e9 civile, nous menons nos activit\u00e9s d\u2019exploration dans une d\u00e9marche responsable visant \u00e0 cr\u00e9er de la valeur \u00e0 long-terme.<\/p>\n<\/div><\/div><\/div><div class=\"fusion-layout-column fusion_builder_column fusion-builder-column-1 fusion_builder_column_1_2 1_2 fusion-flex-column\" style=\"--awb-bg-size:cover;--awb-width-large:50%;--awb-margin-top-large:0px;--awb-spacing-right-large:1.96%;--awb-margin-bottom-large:50px;--awb-spacing-left-large:1.96%;--awb-width-medium:50%;--awb-order-medium:0;--awb-spacing-right-medium:1.96%;--awb-spacing-left-medium:1.96%;--awb-width-small:100%;--awb-order-small:0;--awb-spacing-right-small:0.98%;--awb-spacing-left-small:0.98%;\"><div class=\"fusion-column-wrapper fusion-column-has-shadow fusion-flex-justify-content-flex-start fusion-content-layout-column\"><div class=\"fusion-text fusion-text-2\"><p>Avant d\u2019ouvrir une nouvelle mine, nous menons des \u00e9tudes pr\u00e9liminaires approfondies afin d\u2019\u00e9valuer non seulement le potentiel \u00e9conomique de chaque projet, mais aussi son impact social et environnemental. Cela garantit que chaque d\u00e9cision que nous prenons est r\u00e9fl\u00e9chie, r\u00e9alisable et en ad\u00e9quation avec nos objectifs de d\u00e9veloppement durable.<\/p>\n<p>Lorsqu\u2019un projet est jug\u00e9 viable, Eramet investit dans les infrastructures n\u00e9cessaires pour soutenir l\u2019ensemble de la cha\u00eene de valeur, de l&rsquo;extraction \u00e0 la livraison de minerais de haute qualit\u00e9 aux industries du monde entier.<\/p>\n<\/div><\/div><\/div><div class=\"fusion-layout-column fusion_builder_column fusion-builder-column-2 fusion_builder_column_1_2 1_2 fusion-flex-column\" style=\"--awb-overflow:hidden;--awb-bg-size:cover;--awb-border-radius:10px 10px 10px 10px;--awb-width-large:50%;--awb-margin-top-large:0px;--awb-spacing-right-large:1.96%;--awb-margin-bottom-large:50px;--awb-spacing-left-large:1.96%;--awb-width-medium:50%;--awb-order-medium:0;--awb-spacing-right-medium:1.96%;--awb-spacing-left-medium:1.96%;--awb-width-small:100%;--awb-order-small:0;--awb-spacing-right-small:0.98%;--awb-spacing-left-small:0.98%;\"><div class=\"fusion-column-wrapper fusion-column-has-shadow fusion-flex-justify-content-flex-start fusion-content-layout-column\"><div class=\"fusion-image-element \" style=\"--awb-caption-title-font-family:var(--h2_typography-font-family);--awb-caption-title-font-weight:var(--h2_typography-font-weight);--awb-caption-title-font-style:var(--h2_typography-font-style);--awb-caption-title-size:var(--h2_typography-font-size);--awb-caption-title-transform:var(--h2_typography-text-transform);--awb-caption-title-line-height:var(--h2_typography-line-height);--awb-caption-title-letter-spacing:var(--h2_typography-letter-spacing);\"><span class=\" fusion-imageframe imageframe-none imageframe-1 hover-type-none\"><img decoding=\"async\" width=\"800\" height=\"450\" alt=\"Eramet Indonesia\" title=\"Eramet-Indonesia-Exploration\" src=\"https:\/\/indonesia.eramet.com\/wp-content\/uploads\/sites\/11\/2025\/04\/Eramet-Indonesia-Exploration.jpg\" data-orig-src=\"https:\/\/indonesia.eramet.com\/wp-content\/uploads\/sites\/11\/2025\/04\/Eramet-Indonesia-Exploration-800x450.jpg\" class=\"lazyload img-responsive wp-image-51709\" srcset=\"data:image\/svg+xml,%3Csvg%20xmlns%3D%27http%3A%2F%2Fwww.w3.org%2F2000%2Fsvg%27%20width%3D%271920%27%20height%3D%271080%27%20viewBox%3D%270%200%201920%201080%27%3E%3Crect%20width%3D%271920%27%20height%3D%271080%27%20fill-opacity%3D%220%22%2F%3E%3C%2Fsvg%3E\" data-srcset=\"https:\/\/indonesia.eramet.com\/wp-content\/uploads\/sites\/11\/2025\/04\/Eramet-Indonesia-Exploration-200x113.jpg 200w, https:\/\/indonesia.eramet.com\/wp-content\/uploads\/sites\/11\/2025\/04\/Eramet-Indonesia-Exploration-400x225.jpg 400w, https:\/\/indonesia.eramet.com\/wp-content\/uploads\/sites\/11\/2025\/04\/Eramet-Indonesia-Exploration-600x338.jpg 600w, https:\/\/indonesia.eramet.com\/wp-content\/uploads\/sites\/11\/2025\/04\/Eramet-Indonesia-Exploration-800x450.jpg 800w, https:\/\/indonesia.eramet.com\/wp-content\/uploads\/sites\/11\/2025\/04\/Eramet-Indonesia-Exploration-1200x675.jpg 1200w, https:\/\/indonesia.eramet.com\/wp-content\/uploads\/sites\/11\/2025\/04\/Eramet-Indonesia-Exploration.jpg 1920w\" data-sizes=\"auto\" data-orig-sizes=\"(max-width: 640px) 100vw, 800px\" \/><\/span><\/div><\/div><\/div><\/div><\/div>\n","protected":false},"excerpt":{"rendered":"","protected":false},"author":58,"featured_media":0,"parent":51510,"menu_order":1,"comment_status":"closed","ping_status":"closed","template":"","meta":{"footnotes":""},"class_list":["post-51514","page","type-page","status-publish","hentry"],"yoast_head":"<!-- This site is optimized with the Yoast SEO plugin v26.8 - https:\/\/yoast.com\/product\/yoast-seo-wordpress\/ -->\n<title>Exploration - Eramet Indonesia<\/title>\n<meta name=\"description\" content=\"Eramet Indon\u00e9sie m\u00e8ne des activit\u00e9s d\u2019exploration mini\u00e8re responsables pour identifier des ressources critiques au service de la transition \u00e9nerg\u00e9tique.\" \/>\n<meta name=\"robots\" content=\"index, follow, max-snippet:-1, max-image-preview:large, max-video-preview:-1\" \/>\n<link rel=\"canonical\" href=\"https:\/\/indonesia.eramet.com\/fr\/activites\/exploration\/\" \/>\n<meta property=\"og:locale\" content=\"fr_FR\" \/>\n<meta property=\"og:type\" content=\"article\" \/>\n<meta property=\"og:title\" content=\"Exploration - Eramet Indonesia\" \/>\n<meta property=\"og:description\" content=\"Eramet Indon\u00e9sie m\u00e8ne des activit\u00e9s d\u2019exploration mini\u00e8re responsables pour identifier des ressources critiques au service de la transition \u00e9nerg\u00e9tique.\" \/>\n<meta property=\"og:url\" content=\"https:\/\/indonesia.eramet.com\/fr\/activites\/exploration\/\" \/>\n<meta property=\"og:site_name\" content=\"Eramet Indonesia\" \/>\n<meta property=\"article:modified_time\" content=\"2025-10-14T15:00:47+00:00\" \/>\n<meta name=\"twitter:card\" content=\"summary_large_image\" \/>\n<meta name=\"twitter:label1\" content=\"Dur\u00e9e de lecture estim\u00e9e\" \/>\n\t<meta name=\"twitter:data1\" content=\"1 minute\" \/>\n<script type=\"application\/ld+json\" class=\"yoast-schema-graph\">{\"@context\":\"https:\/\/schema.org\",\"@graph\":[{\"@type\":\"WebPage\",\"@id\":\"https:\/\/indonesia.eramet.com\/fr\/activites\/exploration\/\",\"url\":\"https:\/\/indonesia.eramet.com\/fr\/activites\/exploration\/\",\"name\":\"Exploration - Eramet Indonesia\",\"isPartOf\":{\"@id\":\"https:\/\/indonesia.eramet.com\/fr\/#website\"},\"datePublished\":\"2024-02-06T10:57:20+00:00\",\"dateModified\":\"2025-10-14T15:00:47+00:00\",\"description\":\"Eramet Indon\u00e9sie m\u00e8ne des activit\u00e9s d\u2019exploration mini\u00e8re responsables pour identifier des ressources critiques au service de la transition \u00e9nerg\u00e9tique.\",\"breadcrumb\":{\"@id\":\"https:\/\/indonesia.eramet.com\/fr\/activites\/exploration\/#breadcrumb\"},\"inLanguage\":\"fr-FR\",\"potentialAction\":[{\"@type\":\"ReadAction\",\"target\":[\"https:\/\/indonesia.eramet.com\/fr\/activites\/exploration\/\"]}]},{\"@type\":\"BreadcrumbList\",\"@id\":\"https:\/\/indonesia.eramet.com\/fr\/activites\/exploration\/#breadcrumb\",\"itemListElement\":[{\"@type\":\"ListItem\",\"position\":1,\"name\":\"Home\",\"item\":\"https:\/\/indonesia.eramet.com\/fr\/\"},{\"@type\":\"ListItem\",\"position\":2,\"name\":\"Activit\u00e9s\",\"item\":\"https:\/\/indonesia.eramet.com\/fr\/activites\/\"},{\"@type\":\"ListItem\",\"position\":3,\"name\":\"Exploration\"}]},{\"@type\":\"WebSite\",\"@id\":\"https:\/\/indonesia.eramet.com\/fr\/#website\",\"url\":\"https:\/\/indonesia.eramet.com\/fr\/\",\"name\":\"Eramet Indonesia\",\"description\":\"\",\"potentialAction\":[{\"@type\":\"SearchAction\",\"target\":{\"@type\":\"EntryPoint\",\"urlTemplate\":\"https:\/\/indonesia.eramet.com\/fr\/?s={search_term_string}\"},\"query-input\":{\"@type\":\"PropertyValueSpecification\",\"valueRequired\":true,\"valueName\":\"search_term_string\"}}],\"inLanguage\":\"fr-FR\"}]}<\/script>\n<!-- \/ Yoast SEO plugin. -->","yoast_head_json":{"title":"Exploration - Eramet Indonesia","description":"Eramet Indon\u00e9sie m\u00e8ne des activit\u00e9s d\u2019exploration mini\u00e8re responsables pour identifier des ressources critiques au service de la transition \u00e9nerg\u00e9tique.","robots":{"index":"index","follow":"follow","max-snippet":"max-snippet:-1","max-image-preview":"max-image-preview:large","max-video-preview":"max-video-preview:-1"},"canonical":"https:\/\/indonesia.eramet.com\/fr\/activites\/exploration\/","og_locale":"fr_FR","og_type":"article","og_title":"Exploration - Eramet Indonesia","og_description":"Eramet Indon\u00e9sie m\u00e8ne des activit\u00e9s d\u2019exploration mini\u00e8re responsables pour identifier des ressources critiques au service de la transition \u00e9nerg\u00e9tique.","og_url":"https:\/\/indonesia.eramet.com\/fr\/activites\/exploration\/","og_site_name":"Eramet Indonesia","article_modified_time":"2025-10-14T15:00:47+00:00","twitter_card":"summary_large_image","twitter_misc":{"Dur\u00e9e de lecture estim\u00e9e":"1 minute"},"schema":{"@context":"https:\/\/schema.org","@graph":[{"@type":"WebPage","@id":"https:\/\/indonesia.eramet.com\/fr\/activites\/exploration\/","url":"https:\/\/indonesia.eramet.com\/fr\/activites\/exploration\/","name":"Exploration - Eramet Indonesia","isPartOf":{"@id":"https:\/\/indonesia.eramet.com\/fr\/#website"},"datePublished":"2024-02-06T10:57:20+00:00","dateModified":"2025-10-14T15:00:47+00:00","description":"Eramet Indon\u00e9sie m\u00e8ne des activit\u00e9s d\u2019exploration mini\u00e8re responsables pour identifier des ressources critiques au service de la transition \u00e9nerg\u00e9tique.","breadcrumb":{"@id":"https:\/\/indonesia.eramet.com\/fr\/activites\/exploration\/#breadcrumb"},"inLanguage":"fr-FR","potentialAction":[{"@type":"ReadAction","target":["https:\/\/indonesia.eramet.com\/fr\/activites\/exploration\/"]}]},{"@type":"BreadcrumbList","@id":"https:\/\/indonesia.eramet.com\/fr\/activites\/exploration\/#breadcrumb","itemListElement":[{"@type":"ListItem","position":1,"name":"Home","item":"https:\/\/indonesia.eramet.com\/fr\/"},{"@type":"ListItem","position":2,"name":"Activit\u00e9s","item":"https:\/\/indonesia.eramet.com\/fr\/activites\/"},{"@type":"ListItem","position":3,"name":"Exploration"}]},{"@type":"WebSite","@id":"https:\/\/indonesia.eramet.com\/fr\/#website","url":"https:\/\/indonesia.eramet.com\/fr\/","name":"Eramet Indonesia","description":"","potentialAction":[{"@type":"SearchAction","target":{"@type":"EntryPoint","urlTemplate":"https:\/\/indonesia.eramet.com\/fr\/?s={search_term_string}"},"query-input":{"@type":"PropertyValueSpecification","valueRequired":true,"valueName":"search_term_string"}}],"inLanguage":"fr-FR"}]}},"acf":[],"_links":{"self":[{"href":"https:\/\/indonesia.eramet.com\/fr\/wp-json\/wp\/v2\/pages\/51514","targetHints":{"allow":["GET"]}}],"collection":[{"href":"https:\/\/indonesia.eramet.com\/fr\/wp-json\/wp\/v2\/pages"}],"about":[{"href":"https:\/\/indonesia.eramet.com\/fr\/wp-json\/wp\/v2\/types\/page"}],"author":[{"embeddable":true,"href":"https:\/\/indonesia.eramet.com\/fr\/wp-json\/wp\/v2\/users\/58"}],"replies":[{"embeddable":true,"href":"https:\/\/indonesia.eramet.com\/fr\/wp-json\/wp\/v2\/comments?post=51514"}],"version-history":[{"count":9,"href":"https:\/\/indonesia.eramet.com\/fr\/wp-json\/wp\/v2\/pages\/51514\/revisions"}],"predecessor-version":[{"id":52129,"href":"https:\/\/indonesia.eramet.com\/fr\/wp-json\/wp\/v2\/pages\/51514\/revisions\/52129"}],"up":[{"embeddable":true,"href":"https:\/\/indonesia.eramet.com\/fr\/wp-json\/wp\/v2\/pages\/51510"}],"wp:attachment":[{"href":"https:\/\/indonesia.eramet.com\/fr\/wp-json\/wp\/v2\/media?parent=51514"}],"curies":[{"name":"wp","href":"https:\/\/api.w.org\/{rel}","templated":true}]}}