{"id":51507,"date":"2024-02-06T17:53:22","date_gmt":"2024-02-06T10:53:22","guid":{"rendered":"https:\/\/indonesia.eramet.com\/?page_id=51507"},"modified":"2025-10-14T21:42:49","modified_gmt":"2025-10-14T14:42:49","slug":"histoire","status":"publish","type":"page","link":"https:\/\/indonesia.eramet.com\/fr\/eramet-indonesie\/histoire\/","title":{"rendered":"Histoire"},"content":{"rendered":"<div class=\"fusion-fullwidth fullwidth-box fusion-builder-row-1 fusion-flex-container has-pattern-background has-mask-background nonhundred-percent-fullwidth non-hundred-percent-height-scrolling\" style=\"--awb-border-radius-top-left:0px;--awb-border-radius-top-right:0px;--awb-border-radius-bottom-right:0px;--awb-border-radius-bottom-left:0px;--awb-flex-wrap:wrap;\" id=\"chrono\" ><div class=\"fusion-builder-row fusion-row fusion-flex-align-items-flex-start fusion-flex-justify-content-center fusion-flex-content-wrap\" style=\"max-width:1468.8px;margin-left: calc(-2% \/ 2 );margin-right: calc(-2% \/ 2 );\"><div class=\"fusion-layout-column fusion_builder_column fusion-builder-column-0 fusion_builder_column_2_3 2_3 fusion-flex-column\" style=\"--awb-bg-size:cover;--awb-width-large:66.666666666667%;--awb-margin-top-large:0px;--awb-spacing-right-large:1.47%;--awb-margin-bottom-large:20px;--awb-spacing-left-large:1.47%;--awb-width-medium:66.666666666667%;--awb-order-medium:0;--awb-spacing-right-medium:1.47%;--awb-spacing-left-medium:1.47%;--awb-width-small:100%;--awb-order-small:0;--awb-spacing-right-small:0.98%;--awb-spacing-left-small:0.98%;\"><div class=\"fusion-column-wrapper fusion-column-has-shadow fusion-flex-justify-content-flex-start fusion-content-layout-column\"><div class=\"fusion-content-boxes content-boxes columns row fusion-columns-1 fusion-columns-total-7 fusion-content-boxes-1 content-boxes-timeline-vertical content-left content-boxes-timeline-layout content-boxes-icon-with-title fusion-delayed-animation\" style=\"--awb-hover-accent-color:var(--awb-color7);--awb-circle-hover-accent-color:var(--awb-color7);--awb-item-margin-bottom:40px;\" data-animation-delay=\"350\" data-animationOffset=\"top-into-view\"><div style=\"--awb-backgroundcolor:rgba(255,255,255,0);--awb-content-padding-left:46px;\" class=\"fusion-column content-box-column content-box-column content-box-column-1 col-lg-12 col-md-12 col-sm-12 fusion-content-box-hover content-box-column-last-in-row\"><div class=\"col content-box-wrapper content-wrapper link-area-box icon-hover-animation-none fusion-animated\" data-animationType=\"fadeIn\" data-animationDuration=\"0.25\" data-animationOffset=\"top-into-view\"><div class=\"heading heading-with-icon icon-left\"><div class=\"icon\" style=\"-webkit-animation-duration: 350ms;animation-duration: 350ms;\"><i style=\"border-color:var(--awb-color7);border-width:0px;background-color:var(--awb-color7);box-sizing:content-box;height:26px;width:26px;line-height:26px;border-radius:50%;font-size:13px;\" aria-hidden=\"true\" class=\"fontawesome-icon fa-bullseye fas circle-yes\"><\/i><\/div><h2 class=\"content-box-heading fusion-responsive-typography-calculated\" style=\"--h2_typography-font-size:30px;--fontSize:30;line-height:1.2;\">2006<\/h2><\/div><div class=\"fusion-clearfix\"><\/div><div class=\"content-container\">\n<p>En mai 2006, Eramet a finalis\u00e9 l\u2019acquisition de Weda Bay Minerals Inc., une soci\u00e9t\u00e9 cot\u00e9e \u00e0 la Bourse de Toronto et propri\u00e9taire du gisement de nickel de classe mondiale de Weda Bay, situ\u00e9 \u00e0 Halmahera, sur l\u2019\u00eele principale de la province des Moluques du Nord. Les \u00e9tudes de pr\u00e9-faisabilit\u00e9 du projet, men\u00e9es par Eramet, ont d\u00e9but\u00e9 d\u00e8s juillet 2006.<\/p>\n<\/div><div class=\"content-box-shortcode-timeline-vertical\" style=\"border-color:var(--awb-color7);left:28px;top:15px;-webkit-transition-duration: 350ms;animation-duration: 350ms;\"><\/div><\/div><\/div><div style=\"--awb-backgroundcolor:rgba(255,255,255,0);--awb-content-padding-left:46px;\" class=\"fusion-column content-box-column content-box-column content-box-column-2 col-lg-12 col-md-12 col-sm-12 fusion-content-box-hover content-box-column-last-in-row\"><div class=\"col content-box-wrapper content-wrapper link-area-box icon-hover-animation-none fusion-animated\" data-animationType=\"fadeIn\" data-animationDuration=\"0.25\" data-animationOffset=\"top-into-view\"><div class=\"heading heading-with-icon icon-left\"><div class=\"icon\" style=\"-webkit-animation-duration: 350ms;animation-duration: 350ms;\"><i style=\"border-color:var(--awb-color7);border-width:0px;background-color:var(--awb-color7);box-sizing:content-box;height:26px;width:26px;line-height:26px;border-radius:50%;font-size:13px;\" aria-hidden=\"true\" class=\"fontawesome-icon fa-bullseye fas circle-yes\"><\/i><\/div><h2 class=\"content-box-heading fusion-responsive-typography-calculated\" style=\"--h2_typography-font-size:30px;--fontSize:30;line-height:1.2;\">2017<\/h2><\/div><div class=\"fusion-clearfix\"><\/div><div class=\"content-container\">\n<p>Eramet rejoint une coentreprise aux c\u00f4tes du groupe sid\u00e9rurgique chinois Tsingshan, le plus grand producteur mondial d\u2019acier inoxydable, par laquelle Tsingshan a acquis une participation majoritaire dans Strand Minerals. Aujourd\u2019hui, Strand Minerals est d\u00e9tenue \u00e0 43\u202f% par Eramet et \u00e0 57\u202f% par une soci\u00e9t\u00e9 du groupe Tsingshan. Gr\u00e2ce \u00e0 ce nouveau partenariat, PT Weda Bay Nickel (WBN) est entr\u00e9e dans la phase de construction, marquant une avanc\u00e9e significative.<\/p>\n<\/div><div class=\"content-box-shortcode-timeline-vertical\" style=\"border-color:var(--awb-color7);left:28px;top:15px;-webkit-transition-duration: 350ms;animation-duration: 350ms;\"><\/div><\/div><\/div><div style=\"--awb-backgroundcolor:rgba(255,255,255,0);--awb-content-padding-left:46px;\" class=\"fusion-column content-box-column content-box-column content-box-column-3 col-lg-12 col-md-12 col-sm-12 fusion-content-box-hover content-box-column-last-in-row\"><div class=\"col content-box-wrapper content-wrapper link-area-box icon-hover-animation-none fusion-animated\" data-animationType=\"fadeIn\" data-animationDuration=\"0.25\" data-animationOffset=\"top-into-view\"><div class=\"heading heading-with-icon icon-left\"><div class=\"icon\" style=\"-webkit-animation-duration: 350ms;animation-duration: 350ms;\"><i style=\"border-color:var(--awb-color7);border-width:0px;background-color:var(--awb-color7);box-sizing:content-box;height:26px;width:26px;line-height:26px;border-radius:50%;font-size:13px;\" aria-hidden=\"true\" class=\"fontawesome-icon fa-bullseye fas circle-yes\"><\/i><\/div><h2 class=\"content-box-heading fusion-responsive-typography-calculated\" style=\"--h2_typography-font-size:30px;--fontSize:30;line-height:1.2;\">2019<\/h2><\/div><div class=\"fusion-clearfix\"><\/div><div class=\"content-container\">\n<p>PT Weda Bay Nickel (WBN) d\u00e9bute officiellement ses activit\u00e9s mini\u00e8res et a inaugur\u00e9 une usine en avril 2020 au sein du Parc Industriel de Weda Bay (IWIP), g\u00e9r\u00e9e par Tsingshan, pour produire des ferroalliages \u00e0 faible teneur en nickel.<\/p>\n<\/div><div class=\"content-box-shortcode-timeline-vertical\" style=\"border-color:var(--awb-color7);left:28px;top:15px;-webkit-transition-duration: 350ms;animation-duration: 350ms;\"><\/div><\/div><\/div><div style=\"--awb-backgroundcolor:rgba(255,255,255,0);--awb-content-padding-left:46px;\" class=\"fusion-column content-box-column content-box-column content-box-column-4 col-lg-12 col-md-12 col-sm-12 fusion-content-box-hover content-box-column-last-in-row\"><div class=\"col content-box-wrapper content-wrapper link-area-box icon-hover-animation-none fusion-animated\" data-animationType=\"fadeIn\" data-animationDuration=\"0.25\" data-animationOffset=\"top-into-view\"><div class=\"heading heading-with-icon icon-left\"><div class=\"icon\" style=\"-webkit-animation-duration: 350ms;animation-duration: 350ms;\"><i style=\"border-color:var(--awb-color7);border-width:0px;background-color:var(--awb-color7);box-sizing:content-box;height:26px;width:26px;line-height:26px;border-radius:50%;font-size:13px;\" aria-hidden=\"true\" class=\"fontawesome-icon fa-bullseye fas circle-yes\"><\/i><\/div><h2 class=\"content-box-heading fusion-responsive-typography-calculated\" style=\"--h2_typography-font-size:30px;--fontSize:30;line-height:1.2;\">2020<\/h2><\/div><div class=\"fusion-clearfix\"><\/div><div class=\"content-container\">\n<p>En 2020, Eramet et BASF, leader mondial en chimie, ont sign\u00e9 un accord pour \u00e9valuer le potentiel de d\u00e9veloppement et de construction en commun d\u2019une usine de raffinage de nickel et de cobalt \u00e0 Weda Bay en Indon\u00e9sie.<\/p>\n<p>Apr\u00e8s une \u00e9valuation approfondie, incluant des discussions sur la strat\u00e9gie de r\u00e9alisation du projet, les deux partenaires ont d\u00e9cid\u00e9 en 2024 de ne pas poursuivre cet investissement.<\/p>\n<p>Cette d\u00e9cision repose sur les conditions du march\u00e9, les choix d\u2019allocation de capital et la strat\u00e9gie de r\u00e9alisation du projet.<\/p>\n<\/div><div class=\"content-box-shortcode-timeline-vertical\" style=\"border-color:var(--awb-color7);left:28px;top:15px;-webkit-transition-duration: 350ms;animation-duration: 350ms;\"><\/div><\/div><\/div><div style=\"--awb-backgroundcolor:rgba(255,255,255,0);--awb-content-padding-left:46px;\" class=\"fusion-column content-box-column content-box-column content-box-column-5 col-lg-12 col-md-12 col-sm-12 fusion-content-box-hover content-box-column-last-in-row\"><div class=\"col content-box-wrapper content-wrapper link-area-box icon-hover-animation-none fusion-animated\" data-animationType=\"fadeIn\" data-animationDuration=\"0.25\" data-animationOffset=\"top-into-view\"><div class=\"heading heading-with-icon icon-left\"><div class=\"icon\" style=\"-webkit-animation-duration: 350ms;animation-duration: 350ms;\"><i style=\"border-color:var(--awb-color7);border-width:0px;background-color:var(--awb-color7);box-sizing:content-box;height:26px;width:26px;line-height:26px;border-radius:50%;font-size:13px;\" aria-hidden=\"true\" class=\"fontawesome-icon fa-bullseye fas circle-yes\"><\/i><\/div><h2 class=\"content-box-heading fusion-responsive-typography-calculated\" style=\"--h2_typography-font-size:30px;--fontSize:30;line-height:1.2;\">2022<\/h2><\/div><div class=\"fusion-clearfix\"><\/div><div class=\"content-container\">\n<p>Eramet et Tsingshan ont accept\u00e9 de pr\u00e9parer Weda Bay Nickel \u00e0 l\u2019audit du standard ind\u00e9pendant IRMA (Initiative for Responsible Mining Assurance).<\/p>\n<p>Eramet ouvre un bureau \u00e0 Jakarta, t\u00e9moignant de son engagement durable pour explorer et d\u00e9velopper des activit\u00e9s qui soutiennent la croissance de l\u2019Indon\u00e9sie tout en accompagnant la transition \u00e9nerg\u00e9tique du pays.<\/p>\n<\/div><div class=\"content-box-shortcode-timeline-vertical\" style=\"border-color:var(--awb-color7);left:28px;top:15px;-webkit-transition-duration: 350ms;animation-duration: 350ms;\"><\/div><\/div><\/div><div style=\"--awb-backgroundcolor:rgba(255,255,255,0);--awb-content-padding-left:46px;\" class=\"fusion-column content-box-column content-box-column content-box-column-6 col-lg-12 col-md-12 col-sm-12 fusion-content-box-hover content-box-column-last-in-row\"><div class=\"col content-box-wrapper content-wrapper link-area-box icon-hover-animation-none fusion-animated\" data-animationType=\"fadeIn\" data-animationDuration=\"0.25\" data-animationOffset=\"top-into-view\"><div class=\"heading heading-with-icon icon-left\"><div class=\"icon\" style=\"-webkit-animation-duration: 350ms;animation-duration: 350ms;\"><i style=\"border-color:var(--awb-color7);border-width:0px;background-color:var(--awb-color7);box-sizing:content-box;height:26px;width:26px;line-height:26px;border-radius:50%;font-size:13px;\" aria-hidden=\"true\" class=\"fontawesome-icon fa-bullseye fas circle-yes\"><\/i><\/div><h2 class=\"content-box-heading fusion-responsive-typography-calculated\" style=\"--h2_typography-font-size:30px;--fontSize:30;line-height:1.2;\">2024<\/h2><\/div><div class=\"fusion-clearfix\"><\/div><div class=\"content-container\">\n<p>Lancement du partenariat entre Eramet et le Minist\u00e8re Indon\u00e9sien de l\u2019Energie et des Ressources Min\u00e9rales, via son Agence G\u00e9ologique, afin de renforcer l\u2019\u00e9cosyst\u00e8me des v\u00e9hicules \u00e9lectriques du pays. Ce partenariat inclut une \u00e9tude conjointe visant \u00e0 explorer le d\u00e9veloppement du lithium en Indon\u00e9sie, constituant une nouvelle \u00e9tape dans le d\u00e9veloppement du secteur des minerais critiques.<\/p>\n<\/div><div class=\"content-box-shortcode-timeline-vertical\" style=\"border-color:var(--awb-color7);left:28px;top:15px;-webkit-transition-duration: 350ms;animation-duration: 350ms;\"><\/div><\/div><\/div><div style=\"--awb-backgroundcolor:rgba(255,255,255,0);--awb-content-padding-left:46px;\" class=\"fusion-column content-box-column content-box-column content-box-column-7 col-lg-12 col-md-12 col-sm-12 fusion-content-box-hover content-box-column-last content-box-column-last-in-row\"><div class=\"col content-box-wrapper content-wrapper link-area-box icon-hover-animation-none fusion-animated\" data-animationType=\"fadeIn\" data-animationDuration=\"0.25\" data-animationOffset=\"top-into-view\"><div class=\"heading heading-with-icon icon-left\"><div class=\"icon\" style=\"-webkit-animation-duration: 350ms;animation-duration: 350ms;\"><i style=\"border-color:var(--awb-color7);border-width:0px;background-color:var(--awb-color7);box-sizing:content-box;height:26px;width:26px;line-height:26px;border-radius:50%;font-size:13px;\" aria-hidden=\"true\" class=\"fontawesome-icon fa-bullseye fas circle-yes\"><\/i><\/div><h2 class=\"content-box-heading fusion-responsive-typography-calculated\" style=\"--h2_typography-font-size:30px;--fontSize:30;line-height:1.2;\">2025<\/h2><\/div><div class=\"fusion-clearfix\"><\/div><div class=\"content-container\">\n<p>Eramet a sign\u00e9 un protocole d\u2019accord (MoU) avec Daya Anagata Nusantara Investment Management Agency (Danantara Indonesia) et l\u2019Indonesia Investment Authority (INA) afin d\u2019explorer la cr\u00e9ation d\u2019une plateforme d\u2019investissement strat\u00e9gique dans le secteur du nickel.<\/p>\n<\/div><div class=\"content-box-shortcode-timeline-vertical\" style=\"border-color:var(--awb-color7);left:28px;top:15px;-webkit-transition-duration: 350ms;animation-duration: 350ms;\"><\/div><\/div><\/div><div class=\"fusion-clearfix\"><\/div><\/div><\/div><\/div><\/div><\/div>\n","protected":false},"excerpt":{"rendered":"","protected":false},"author":58,"featured_media":51722,"parent":51495,"menu_order":2,"comment_status":"closed","ping_status":"closed","template":"","meta":{"footnotes":""},"class_list":["post-51507","page","type-page","status-publish","has-post-thumbnail","hentry"],"yoast_head":"<!-- This site is optimized with the Yoast SEO plugin v26.8 - https:\/\/yoast.com\/product\/yoast-seo-wordpress\/ -->\n<title>Histoire - Eramet Indonesia<\/title>\n<meta name=\"description\" content=\"Evolution d\u2019Eramet Indon\u00e9sie depuis 2006 : acquisition du gisement de Weda Bay, partenariats strat\u00e9giques avec Tsingshan, projets autour du nickel, cobalt et lithium, au service de la transition \u00e9nerg\u00e9tique.\" \/>\n<meta name=\"robots\" content=\"index, follow, max-snippet:-1, max-image-preview:large, max-video-preview:-1\" \/>\n<link rel=\"canonical\" href=\"https:\/\/indonesia.eramet.com\/fr\/eramet-indonesie\/histoire\/\" \/>\n<meta property=\"og:locale\" content=\"fr_FR\" \/>\n<meta property=\"og:type\" content=\"article\" \/>\n<meta property=\"og:title\" content=\"Histoire - Eramet Indonesia\" \/>\n<meta property=\"og:description\" content=\"Evolution d\u2019Eramet Indon\u00e9sie depuis 2006 : acquisition du gisement de Weda Bay, partenariats strat\u00e9giques avec Tsingshan, projets autour du nickel, cobalt et lithium, au service de la transition \u00e9nerg\u00e9tique.\" \/>\n<meta property=\"og:url\" content=\"https:\/\/indonesia.eramet.com\/fr\/eramet-indonesie\/histoire\/\" \/>\n<meta property=\"og:site_name\" content=\"Eramet Indonesia\" \/>\n<meta property=\"article:modified_time\" content=\"2025-10-14T14:42:49+00:00\" \/>\n<meta property=\"og:image\" content=\"https:\/\/indonesia.eramet.com\/wp-content\/uploads\/sites\/11\/2025\/04\/Eramet-WBN-Test-Pit.jpg\" \/>\n\t<meta property=\"og:image:width\" content=\"1280\" \/>\n\t<meta property=\"og:image:height\" content=\"720\" \/>\n\t<meta property=\"og:image:type\" content=\"image\/jpeg\" \/>\n<meta name=\"twitter:card\" content=\"summary_large_image\" \/>\n<meta name=\"twitter:label1\" content=\"Dur\u00e9e de lecture estim\u00e9e\" \/>\n\t<meta name=\"twitter:data1\" content=\"2 minutes\" \/>\n<script type=\"application\/ld+json\" class=\"yoast-schema-graph\">{\"@context\":\"https:\/\/schema.org\",\"@graph\":[{\"@type\":\"WebPage\",\"@id\":\"https:\/\/indonesia.eramet.com\/fr\/eramet-indonesie\/histoire\/\",\"url\":\"https:\/\/indonesia.eramet.com\/fr\/eramet-indonesie\/histoire\/\",\"name\":\"Histoire - Eramet Indonesia\",\"isPartOf\":{\"@id\":\"https:\/\/indonesia.eramet.com\/fr\/#website\"},\"primaryImageOfPage\":{\"@id\":\"https:\/\/indonesia.eramet.com\/fr\/eramet-indonesie\/histoire\/#primaryimage\"},\"image\":{\"@id\":\"https:\/\/indonesia.eramet.com\/fr\/eramet-indonesie\/histoire\/#primaryimage\"},\"thumbnailUrl\":\"https:\/\/indonesia.eramet.com\/wp-content\/uploads\/sites\/11\/2025\/04\/Eramet-WBN-Test-Pit.jpg\",\"datePublished\":\"2024-02-06T10:53:22+00:00\",\"dateModified\":\"2025-10-14T14:42:49+00:00\",\"description\":\"Evolution d\u2019Eramet Indon\u00e9sie depuis 2006 : acquisition du gisement de Weda Bay, partenariats strat\u00e9giques avec Tsingshan, projets autour du nickel, cobalt et lithium, au service de la transition \u00e9nerg\u00e9tique.\",\"breadcrumb\":{\"@id\":\"https:\/\/indonesia.eramet.com\/fr\/eramet-indonesie\/histoire\/#breadcrumb\"},\"inLanguage\":\"fr-FR\",\"potentialAction\":[{\"@type\":\"ReadAction\",\"target\":[\"https:\/\/indonesia.eramet.com\/fr\/eramet-indonesie\/histoire\/\"]}]},{\"@type\":\"ImageObject\",\"inLanguage\":\"fr-FR\",\"@id\":\"https:\/\/indonesia.eramet.com\/fr\/eramet-indonesie\/histoire\/#primaryimage\",\"url\":\"https:\/\/indonesia.eramet.com\/wp-content\/uploads\/sites\/11\/2025\/04\/Eramet-WBN-Test-Pit.jpg\",\"contentUrl\":\"https:\/\/indonesia.eramet.com\/wp-content\/uploads\/sites\/11\/2025\/04\/Eramet-WBN-Test-Pit.jpg\",\"width\":1280,\"height\":720},{\"@type\":\"BreadcrumbList\",\"@id\":\"https:\/\/indonesia.eramet.com\/fr\/eramet-indonesie\/histoire\/#breadcrumb\",\"itemListElement\":[{\"@type\":\"ListItem\",\"position\":1,\"name\":\"Home\",\"item\":\"https:\/\/indonesia.eramet.com\/fr\/\"},{\"@type\":\"ListItem\",\"position\":2,\"name\":\"Eramet Indon\u00e9sie\",\"item\":\"https:\/\/indonesia.eramet.com\/fr\/eramet-indonesie\/\"},{\"@type\":\"ListItem\",\"position\":3,\"name\":\"Histoire\"}]},{\"@type\":\"WebSite\",\"@id\":\"https:\/\/indonesia.eramet.com\/fr\/#website\",\"url\":\"https:\/\/indonesia.eramet.com\/fr\/\",\"name\":\"Eramet Indonesia\",\"description\":\"\",\"potentialAction\":[{\"@type\":\"SearchAction\",\"target\":{\"@type\":\"EntryPoint\",\"urlTemplate\":\"https:\/\/indonesia.eramet.com\/fr\/?s={search_term_string}\"},\"query-input\":{\"@type\":\"PropertyValueSpecification\",\"valueRequired\":true,\"valueName\":\"search_term_string\"}}],\"inLanguage\":\"fr-FR\"}]}<\/script>\n<!-- \/ Yoast SEO plugin. -->","yoast_head_json":{"title":"Histoire - Eramet Indonesia","description":"Evolution d\u2019Eramet Indon\u00e9sie depuis 2006 : acquisition du gisement de Weda Bay, partenariats strat\u00e9giques avec Tsingshan, projets autour du nickel, cobalt et lithium, au service de la transition \u00e9nerg\u00e9tique.","robots":{"index":"index","follow":"follow","max-snippet":"max-snippet:-1","max-image-preview":"max-image-preview:large","max-video-preview":"max-video-preview:-1"},"canonical":"https:\/\/indonesia.eramet.com\/fr\/eramet-indonesie\/histoire\/","og_locale":"fr_FR","og_type":"article","og_title":"Histoire - Eramet Indonesia","og_description":"Evolution d\u2019Eramet Indon\u00e9sie depuis 2006 : acquisition du gisement de Weda Bay, partenariats strat\u00e9giques avec Tsingshan, projets autour du nickel, cobalt et lithium, au service de la transition \u00e9nerg\u00e9tique.","og_url":"https:\/\/indonesia.eramet.com\/fr\/eramet-indonesie\/histoire\/","og_site_name":"Eramet Indonesia","article_modified_time":"2025-10-14T14:42:49+00:00","og_image":[{"width":1280,"height":720,"url":"https:\/\/indonesia.eramet.com\/wp-content\/uploads\/sites\/11\/2025\/04\/Eramet-WBN-Test-Pit.jpg","type":"image\/jpeg"}],"twitter_card":"summary_large_image","twitter_misc":{"Dur\u00e9e de lecture estim\u00e9e":"2 minutes"},"schema":{"@context":"https:\/\/schema.org","@graph":[{"@type":"WebPage","@id":"https:\/\/indonesia.eramet.com\/fr\/eramet-indonesie\/histoire\/","url":"https:\/\/indonesia.eramet.com\/fr\/eramet-indonesie\/histoire\/","name":"Histoire - Eramet Indonesia","isPartOf":{"@id":"https:\/\/indonesia.eramet.com\/fr\/#website"},"primaryImageOfPage":{"@id":"https:\/\/indonesia.eramet.com\/fr\/eramet-indonesie\/histoire\/#primaryimage"},"image":{"@id":"https:\/\/indonesia.eramet.com\/fr\/eramet-indonesie\/histoire\/#primaryimage"},"thumbnailUrl":"https:\/\/indonesia.eramet.com\/wp-content\/uploads\/sites\/11\/2025\/04\/Eramet-WBN-Test-Pit.jpg","datePublished":"2024-02-06T10:53:22+00:00","dateModified":"2025-10-14T14:42:49+00:00","description":"Evolution d\u2019Eramet Indon\u00e9sie depuis 2006 : acquisition du gisement de Weda Bay, partenariats strat\u00e9giques avec Tsingshan, projets autour du nickel, cobalt et lithium, au service de la transition \u00e9nerg\u00e9tique.","breadcrumb":{"@id":"https:\/\/indonesia.eramet.com\/fr\/eramet-indonesie\/histoire\/#breadcrumb"},"inLanguage":"fr-FR","potentialAction":[{"@type":"ReadAction","target":["https:\/\/indonesia.eramet.com\/fr\/eramet-indonesie\/histoire\/"]}]},{"@type":"ImageObject","inLanguage":"fr-FR","@id":"https:\/\/indonesia.eramet.com\/fr\/eramet-indonesie\/histoire\/#primaryimage","url":"https:\/\/indonesia.eramet.com\/wp-content\/uploads\/sites\/11\/2025\/04\/Eramet-WBN-Test-Pit.jpg","contentUrl":"https:\/\/indonesia.eramet.com\/wp-content\/uploads\/sites\/11\/2025\/04\/Eramet-WBN-Test-Pit.jpg","width":1280,"height":720},{"@type":"BreadcrumbList","@id":"https:\/\/indonesia.eramet.com\/fr\/eramet-indonesie\/histoire\/#breadcrumb","itemListElement":[{"@type":"ListItem","position":1,"name":"Home","item":"https:\/\/indonesia.eramet.com\/fr\/"},{"@type":"ListItem","position":2,"name":"Eramet Indon\u00e9sie","item":"https:\/\/indonesia.eramet.com\/fr\/eramet-indonesie\/"},{"@type":"ListItem","position":3,"name":"Histoire"}]},{"@type":"WebSite","@id":"https:\/\/indonesia.eramet.com\/fr\/#website","url":"https:\/\/indonesia.eramet.com\/fr\/","name":"Eramet Indonesia","description":"","potentialAction":[{"@type":"SearchAction","target":{"@type":"EntryPoint","urlTemplate":"https:\/\/indonesia.eramet.com\/fr\/?s={search_term_string}"},"query-input":{"@type":"PropertyValueSpecification","valueRequired":true,"valueName":"search_term_string"}}],"inLanguage":"fr-FR"}]}},"acf":[],"_links":{"self":[{"href":"https:\/\/indonesia.eramet.com\/fr\/wp-json\/wp\/v2\/pages\/51507","targetHints":{"allow":["GET"]}}],"collection":[{"href":"https:\/\/indonesia.eramet.com\/fr\/wp-json\/wp\/v2\/pages"}],"about":[{"href":"https:\/\/indonesia.eramet.com\/fr\/wp-json\/wp\/v2\/types\/page"}],"author":[{"embeddable":true,"href":"https:\/\/indonesia.eramet.com\/fr\/wp-json\/wp\/v2\/users\/58"}],"replies":[{"embeddable":true,"href":"https:\/\/indonesia.eramet.com\/fr\/wp-json\/wp\/v2\/comments?post=51507"}],"version-history":[{"count":8,"href":"https:\/\/indonesia.eramet.com\/fr\/wp-json\/wp\/v2\/pages\/51507\/revisions"}],"predecessor-version":[{"id":52121,"href":"https:\/\/indonesia.eramet.com\/fr\/wp-json\/wp\/v2\/pages\/51507\/revisions\/52121"}],"up":[{"embeddable":true,"href":"https:\/\/indonesia.eramet.com\/fr\/wp-json\/wp\/v2\/pages\/51495"}],"wp:featuredmedia":[{"embeddable":true,"href":"https:\/\/indonesia.eramet.com\/fr\/wp-json\/wp\/v2\/media\/51722"}],"wp:attachment":[{"href":"https:\/\/indonesia.eramet.com\/fr\/wp-json\/wp\/v2\/media?parent=51507"}],"curies":[{"name":"wp","href":"https:\/\/api.w.org\/{rel}","templated":true}]}}